{"id":12861,"date":"2021-08-25T09:39:58","date_gmt":"2021-08-25T09:39:58","guid":{"rendered":"https:\/\/www.allskinmed.com\/product\/uncategorized\/serum-renovador-avanzado\/"},"modified":"2024-02-21T16:43:31","modified_gmt":"2024-02-21T16:43:31","slug":"serum-renovador-avanzado","status":"publish","type":"product","link":"https:\/\/www.allskinmed.com\/es-mx\/anti-aging-r\/serum-renovador-avanzado\/","title":{"rendered":"Serum Renovador Avanzado"},"content":{"rendered":"","protected":false},"excerpt":{"rendered":"<p>Serum renovador de potencia alta formulado con retinoides vehiculizados de alta calidad que proporcionan una renovaci\u00f3n epid\u00e9rmica avanzada, reducen visiblemente las arrugas, unifican la textura de la piel y reducen los signos del fotoenvejecimiento.<br \/>\nEnriquecido con un pool exclusivo de antioxidantes y activos antipoluci\u00f3n que ayudan a contrarrestar los da\u00f1os debidos al estr\u00e9s ambiental.<\/p>\n","protected":false},"featured_media":1901,"template":"","meta":{"_acf_changed":false,"site-sidebar-layout":"no-sidebar","site-content-layout":"default","ast-site-content-layout":"default","site-content-style":"default","site-sidebar-style":"default","ast-global-header-display":"","ast-banner-title-visibility":"","ast-main-header-display":"","ast-hfb-above-header-display":"","ast-hfb-below-header-display":"","ast-hfb-mobile-header-display":"","site-post-title":"","ast-breadcrumbs-content":"","ast-featured-img":"","footer-sml-layout":"","theme-transparent-header-meta":"default","adv-header-id-meta":"","stick-header-meta":"default","header-above-stick-meta":"","header-main-stick-meta":"","header-below-stick-meta":"","astra-migrate-meta-layouts":"default","ast-page-background-enabled":"default","ast-page-background-meta":{"desktop":{"background-color":"","background-image":"","background-repeat":"repeat","background-position":"center center","background-size":"auto","background-attachment":"scroll","background-type":"","background-media":"","overlay-type":"","overlay-color":"","overlay-opacity":"","overlay-gradient":""},"tablet":{"background-color":"","background-image":"","background-repeat":"repeat","background-position":"center center","background-size":"auto","background-attachment":"scroll","background-type":"","background-media":"","overlay-type":"","overlay-color":"","overlay-opacity":"","overlay-gradient":""},"mobile":{"background-color":"","background-image":"","background-repeat":"repeat","background-position":"center center","background-size":"auto","background-attachment":"scroll","background-type":"","background-media":"","overlay-type":"","overlay-color":"","overlay-opacity":"","overlay-gradient":""}},"ast-content-background-meta":{"desktop":{"background-color":"var(--ast-global-color-5)","background-image":"","background-repeat":"repeat","background-position":"center center","background-size":"auto","background-attachment":"scroll","background-type":"","background-media":"","overlay-type":"","overlay-color":"","overlay-opacity":"","overlay-gradient":""},"tablet":{"background-color":"var(--ast-global-color-5)","background-image":"","background-repeat":"repeat","background-position":"center center","background-size":"auto","background-attachment":"scroll","background-type":"","background-media":"","overlay-type":"","overlay-color":"","overlay-opacity":"","overlay-gradient":""},"mobile":{"background-color":"var(--ast-global-color-5)","background-image":"","background-repeat":"repeat","background-position":"center center","background-size":"auto","background-attachment":"scroll","background-type":"","background-media":"","overlay-type":"","overlay-color":"","overlay-opacity":"","overlay-gradient":""}}},"product_brand":[],"product_cat":[220],"product_tag":[199],"class_list":{"0":"post-12861","1":"product","2":"type-product","3":"status-publish","4":"has-post-thumbnail","6":"taxonomy-anti-arrugas-es-mx","7":"taxonomy-renovacion-celular-es-mx","8":"taxonomy-retexturising-es-mx","9":"product_cat-anti-aging-r","10":"product_tag-anti-aging-es-mx","11":"align-left","12":"box-shadow-0","13":"box-shadow-0-hover","14":"ast-product-gallery-layout-vertical","15":"ast-product-tabs-layout-horizontal","17":"first","18":"instock","19":"shipping-taxable","20":"product-type-simple"},"acf":[],"yoast_head":"<!-- This site is optimized with the Yoast SEO plugin v26.0 - https:\/\/yoast.com\/wordpress\/plugins\/seo\/ -->\n<title>Serum renovador avanzado - All Skin<\/title>\n<meta name=\"description\" content=\"Serum renovador de potencia alta formulado con retinoides vehiculizados de alta calidad que proporcionan una renovaci\u00f3n epid\u00e9rmica avanzada.\" \/>\n<meta name=\"robots\" content=\"index, follow, max-snippet:-1, max-image-preview:large, max-video-preview:-1\" \/>\n<link rel=\"canonical\" href=\"https:\/\/www.allskinmed.com\/es-mx\/anti-aging-r\/serum-renovador-avanzado\/\" \/>\n<meta property=\"og:locale\" content=\"es_ES\" \/>\n<meta property=\"og:type\" content=\"article\" \/>\n<meta property=\"og:title\" content=\"Serum renovador avanzado - All Skin\" \/>\n<meta property=\"og:description\" content=\"Serum renovador de potencia alta formulado con retinoides vehiculizados de alta calidad que proporcionan una renovaci\u00f3n epid\u00e9rmica avanzada.\" \/>\n<meta property=\"og:url\" content=\"https:\/\/www.allskinmed.com\/es-mx\/anti-aging-r\/serum-renovador-avanzado\/\" \/>\n<meta property=\"og:site_name\" content=\"Allskin Med\" \/>\n<meta property=\"article:modified_time\" content=\"2024-02-21T16:43:31+00:00\" \/>\n<meta property=\"og:image\" content=\"https:\/\/www.allskinmed.com\/wp-content\/uploads\/2021\/08\/min-9-allskinmed-antiaging-r-advance-renewal-serum-01.png\" \/>\n\t<meta property=\"og:image:width\" content=\"580\" \/>\n\t<meta property=\"og:image:height\" content=\"580\" \/>\n\t<meta property=\"og:image:type\" content=\"image\/png\" \/>\n<meta name=\"twitter:card\" content=\"summary_large_image\" \/>\n<script type=\"application\/ld+json\" class=\"yoast-schema-graph\">{\"@context\":\"https:\/\/schema.org\",\"@graph\":[{\"@type\":\"WebPage\",\"@id\":\"https:\/\/www.allskinmed.com\/es-mx\/anti-aging-r\/serum-renovador-avanzado\/\",\"url\":\"https:\/\/www.allskinmed.com\/es-mx\/anti-aging-r\/serum-renovador-avanzado\/\",\"name\":\"Serum renovador avanzado - All Skin\",\"isPartOf\":{\"@id\":\"https:\/\/www.allskinmed.com\/es-mx\/#website\"},\"primaryImageOfPage\":{\"@id\":\"https:\/\/www.allskinmed.com\/es-mx\/anti-aging-r\/serum-renovador-avanzado\/#primaryimage\"},\"image\":{\"@id\":\"https:\/\/www.allskinmed.com\/es-mx\/anti-aging-r\/serum-renovador-avanzado\/#primaryimage\"},\"thumbnailUrl\":\"https:\/\/www.allskinmed.com\/wp-content\/uploads\/2021\/08\/min-9-allskinmed-antiaging-r-advance-renewal-serum-01.png\",\"datePublished\":\"2021-08-25T09:39:58+00:00\",\"dateModified\":\"2024-02-21T16:43:31+00:00\",\"description\":\"Serum renovador de potencia alta formulado con retinoides vehiculizados de alta calidad que proporcionan una renovaci\u00f3n epid\u00e9rmica avanzada.\",\"breadcrumb\":{\"@id\":\"https:\/\/www.allskinmed.com\/es-mx\/anti-aging-r\/serum-renovador-avanzado\/#breadcrumb\"},\"inLanguage\":\"es-mx\",\"potentialAction\":[{\"@type\":\"ReadAction\",\"target\":[\"https:\/\/www.allskinmed.com\/es-mx\/anti-aging-r\/serum-renovador-avanzado\/\"]}]},{\"@type\":\"ImageObject\",\"inLanguage\":\"es-mx\",\"@id\":\"https:\/\/www.allskinmed.com\/es-mx\/anti-aging-r\/serum-renovador-avanzado\/#primaryimage\",\"url\":\"https:\/\/www.allskinmed.com\/wp-content\/uploads\/2021\/08\/min-9-allskinmed-antiaging-r-advance-renewal-serum-01.png\",\"contentUrl\":\"https:\/\/www.allskinmed.com\/wp-content\/uploads\/2021\/08\/min-9-allskinmed-antiaging-r-advance-renewal-serum-01.png\",\"width\":580,\"height\":580},{\"@type\":\"BreadcrumbList\",\"@id\":\"https:\/\/www.allskinmed.com\/es-mx\/anti-aging-r\/serum-renovador-avanzado\/#breadcrumb\",\"itemListElement\":[{\"@type\":\"ListItem\",\"position\":1,\"name\":\"Home\",\"item\":\"https:\/\/www.allskinmed.com\/es-mx\/\"},{\"@type\":\"ListItem\",\"position\":2,\"name\":\"Tienda\",\"item\":\"https:\/\/www.allskinmed.com\/es\/tienda\/\"},{\"@type\":\"ListItem\",\"position\":3,\"name\":\"Serum Renovador Avanzado\"}]},{\"@type\":\"WebSite\",\"@id\":\"https:\/\/www.allskinmed.com\/es-mx\/#website\",\"url\":\"https:\/\/www.allskinmed.com\/es-mx\/\",\"name\":\"Allskin Med\",\"description\":\"CantabriaLabs\",\"publisher\":{\"@id\":\"https:\/\/www.allskinmed.com\/es-mx\/#organization\"},\"potentialAction\":[{\"@type\":\"SearchAction\",\"target\":{\"@type\":\"EntryPoint\",\"urlTemplate\":\"https:\/\/www.allskinmed.com\/es-mx\/?s={search_term_string}\"},\"query-input\":{\"@type\":\"PropertyValueSpecification\",\"valueRequired\":true,\"valueName\":\"search_term_string\"}}],\"inLanguage\":\"es-mx\"},{\"@type\":\"Organization\",\"@id\":\"https:\/\/www.allskinmed.com\/es-mx\/#organization\",\"name\":\"ALLSKIN MED\",\"url\":\"https:\/\/www.allskinmed.com\/es-mx\/\",\"logo\":{\"@type\":\"ImageObject\",\"inLanguage\":\"es-mx\",\"@id\":\"https:\/\/www.allskinmed.com\/es-mx\/#\/schema\/logo\/image\/\",\"url\":\"https:\/\/www.allskinmed.com\/wp-content\/uploads\/2021\/06\/Allskin-Med_Logo-gris.png\",\"contentUrl\":\"https:\/\/www.allskinmed.com\/wp-content\/uploads\/2021\/06\/Allskin-Med_Logo-gris.png\",\"width\":201,\"height\":33,\"caption\":\"ALLSKIN MED\"},\"image\":{\"@id\":\"https:\/\/www.allskinmed.com\/es-mx\/#\/schema\/logo\/image\/\"}}]}<\/script>\n<!-- \/ Yoast SEO plugin. -->","yoast_head_json":{"title":"Serum renovador avanzado - All Skin","description":"Serum renovador de potencia alta formulado con retinoides vehiculizados de alta calidad que proporcionan una renovaci\u00f3n epid\u00e9rmica avanzada.","robots":{"index":"index","follow":"follow","max-snippet":"max-snippet:-1","max-image-preview":"max-image-preview:large","max-video-preview":"max-video-preview:-1"},"canonical":"https:\/\/www.allskinmed.com\/es-mx\/anti-aging-r\/serum-renovador-avanzado\/","og_locale":"es_ES","og_type":"article","og_title":"Serum renovador avanzado - All Skin","og_description":"Serum renovador de potencia alta formulado con retinoides vehiculizados de alta calidad que proporcionan una renovaci\u00f3n epid\u00e9rmica avanzada.","og_url":"https:\/\/www.allskinmed.com\/es-mx\/anti-aging-r\/serum-renovador-avanzado\/","og_site_name":"Allskin Med","article_modified_time":"2024-02-21T16:43:31+00:00","og_image":[{"width":580,"height":580,"url":"https:\/\/www.allskinmed.com\/wp-content\/uploads\/2021\/08\/min-9-allskinmed-antiaging-r-advance-renewal-serum-01.png","type":"image\/png"}],"twitter_card":"summary_large_image","schema":{"@context":"https:\/\/schema.org","@graph":[{"@type":"WebPage","@id":"https:\/\/www.allskinmed.com\/es-mx\/anti-aging-r\/serum-renovador-avanzado\/","url":"https:\/\/www.allskinmed.com\/es-mx\/anti-aging-r\/serum-renovador-avanzado\/","name":"Serum renovador avanzado - All Skin","isPartOf":{"@id":"https:\/\/www.allskinmed.com\/es-mx\/#website"},"primaryImageOfPage":{"@id":"https:\/\/www.allskinmed.com\/es-mx\/anti-aging-r\/serum-renovador-avanzado\/#primaryimage"},"image":{"@id":"https:\/\/www.allskinmed.com\/es-mx\/anti-aging-r\/serum-renovador-avanzado\/#primaryimage"},"thumbnailUrl":"https:\/\/www.allskinmed.com\/wp-content\/uploads\/2021\/08\/min-9-allskinmed-antiaging-r-advance-renewal-serum-01.png","datePublished":"2021-08-25T09:39:58+00:00","dateModified":"2024-02-21T16:43:31+00:00","description":"Serum renovador de potencia alta formulado con retinoides vehiculizados de alta calidad que proporcionan una renovaci\u00f3n epid\u00e9rmica avanzada.","breadcrumb":{"@id":"https:\/\/www.allskinmed.com\/es-mx\/anti-aging-r\/serum-renovador-avanzado\/#breadcrumb"},"inLanguage":"es-mx","potentialAction":[{"@type":"ReadAction","target":["https:\/\/www.allskinmed.com\/es-mx\/anti-aging-r\/serum-renovador-avanzado\/"]}]},{"@type":"ImageObject","inLanguage":"es-mx","@id":"https:\/\/www.allskinmed.com\/es-mx\/anti-aging-r\/serum-renovador-avanzado\/#primaryimage","url":"https:\/\/www.allskinmed.com\/wp-content\/uploads\/2021\/08\/min-9-allskinmed-antiaging-r-advance-renewal-serum-01.png","contentUrl":"https:\/\/www.allskinmed.com\/wp-content\/uploads\/2021\/08\/min-9-allskinmed-antiaging-r-advance-renewal-serum-01.png","width":580,"height":580},{"@type":"BreadcrumbList","@id":"https:\/\/www.allskinmed.com\/es-mx\/anti-aging-r\/serum-renovador-avanzado\/#breadcrumb","itemListElement":[{"@type":"ListItem","position":1,"name":"Home","item":"https:\/\/www.allskinmed.com\/es-mx\/"},{"@type":"ListItem","position":2,"name":"Tienda","item":"https:\/\/www.allskinmed.com\/es\/tienda\/"},{"@type":"ListItem","position":3,"name":"Serum Renovador Avanzado"}]},{"@type":"WebSite","@id":"https:\/\/www.allskinmed.com\/es-mx\/#website","url":"https:\/\/www.allskinmed.com\/es-mx\/","name":"Allskin Med","description":"CantabriaLabs","publisher":{"@id":"https:\/\/www.allskinmed.com\/es-mx\/#organization"},"potentialAction":[{"@type":"SearchAction","target":{"@type":"EntryPoint","urlTemplate":"https:\/\/www.allskinmed.com\/es-mx\/?s={search_term_string}"},"query-input":{"@type":"PropertyValueSpecification","valueRequired":true,"valueName":"search_term_string"}}],"inLanguage":"es-mx"},{"@type":"Organization","@id":"https:\/\/www.allskinmed.com\/es-mx\/#organization","name":"ALLSKIN MED","url":"https:\/\/www.allskinmed.com\/es-mx\/","logo":{"@type":"ImageObject","inLanguage":"es-mx","@id":"https:\/\/www.allskinmed.com\/es-mx\/#\/schema\/logo\/image\/","url":"https:\/\/www.allskinmed.com\/wp-content\/uploads\/2021\/06\/Allskin-Med_Logo-gris.png","contentUrl":"https:\/\/www.allskinmed.com\/wp-content\/uploads\/2021\/06\/Allskin-Med_Logo-gris.png","width":201,"height":33,"caption":"ALLSKIN MED"},"image":{"@id":"https:\/\/www.allskinmed.com\/es-mx\/#\/schema\/logo\/image\/"}}]}},"_links":{"self":[{"href":"https:\/\/www.allskinmed.com\/es-mx\/wp-json\/wp\/v2\/product\/12861","targetHints":{"allow":["GET"]}}],"collection":[{"href":"https:\/\/www.allskinmed.com\/es-mx\/wp-json\/wp\/v2\/product"}],"about":[{"href":"https:\/\/www.allskinmed.com\/es-mx\/wp-json\/wp\/v2\/types\/product"}],"wp:featuredmedia":[{"embeddable":true,"href":"https:\/\/www.allskinmed.com\/es-mx\/wp-json\/wp\/v2\/media\/1901"}],"wp:attachment":[{"href":"https:\/\/www.allskinmed.com\/es-mx\/wp-json\/wp\/v2\/media?parent=12861"}],"wp:term":[{"taxonomy":"product_brand","embeddable":true,"href":"https:\/\/www.allskinmed.com\/es-mx\/wp-json\/wp\/v2\/product_brand?post=12861"},{"taxonomy":"product_cat","embeddable":true,"href":"https:\/\/www.allskinmed.com\/es-mx\/wp-json\/wp\/v2\/product_cat?post=12861"},{"taxonomy":"product_tag","embeddable":true,"href":"https:\/\/www.allskinmed.com\/es-mx\/wp-json\/wp\/v2\/product_tag?post=12861"}],"curies":[{"name":"wp","href":"https:\/\/api.w.org\/{rel}","templated":true}]}}