{"id":1842,"date":"2021-09-06T14:51:16","date_gmt":"2021-09-06T14:51:16","guid":{"rendered":"https:\/\/www.allskinmed.com\/?page_id=1842"},"modified":"2021-09-22T10:40:54","modified_gmt":"2021-09-22T10:40:54","slug":"aviso-legal","status":"publish","type":"page","link":"https:\/\/www.allskinmed.com\/es\/aviso-legal\/","title":{"rendered":"Aviso Legal"},"content":{"rendered":"\t\t<div data-elementor-type=\"wp-page\" data-elementor-id=\"1842\" class=\"elementor elementor-1842\" data-elementor-post-type=\"page\">\n\t\t\t\t\t\t<section class=\"elementor-section elementor-top-section elementor-element elementor-element-dbeff6f elementor-section-boxed elementor-section-height-default elementor-section-height-default\" data-id=\"dbeff6f\" data-element_type=\"section\">\n\t\t\t\t\t\t<div class=\"elementor-container elementor-column-gap-default\">\n\t\t\t\t\t<div class=\"elementor-column elementor-col-100 elementor-top-column elementor-element elementor-element-78133f6\" data-id=\"78133f6\" data-element_type=\"column\">\n\t\t\t<div class=\"elementor-widget-wrap elementor-element-populated\">\n\t\t\t\t\t\t<div class=\"elementor-element elementor-element-deca8af elementor-widget elementor-widget-heading\" data-id=\"deca8af\" data-element_type=\"widget\" data-widget_type=\"heading.default\">\n\t\t\t\t<div class=\"elementor-widget-container\">\n\t\t\t\t\t<h1 class=\"elementor-heading-title elementor-size-default\">Aviso Legal<\/h1>\t\t\t\t<\/div>\n\t\t\t\t<\/div>\n\t\t\t\t<div class=\"elementor-element elementor-element-16ac276 elementor-widget elementor-widget-text-editor\" data-id=\"16ac276\" data-element_type=\"widget\" data-widget_type=\"text-editor.default\">\n\t\t\t\t<div class=\"elementor-widget-container\">\n\t\t\t\t\t\t\t\t\t<p class=\"p1\"><b><i>Condiciones de uso<\/i><\/b><\/p><p class=\"p2\">La informaci\u00f3n que contiene esta p\u00e1gina web se considera informaci\u00f3n general y educativa, y no puede ser utilizada o interpretada como asesoramiento m\u00e9dico o cualquier otro tipo de asesoramiento. Las decisiones relacionadas con la salud de los pacientes son competencia \u00fanica de los profesionales de la salud, teniendo en cuenta las circunstancias espec\u00edficas de cada paciente.<\/p><p class=\"p2\">Esta p\u00e1gina web puede contener informaci\u00f3n sobre productos internacionales, que podr\u00edan no estar disponibles en todos los pa\u00edses. La referencia de un producto en esta p\u00e1gina web no implica que dicho producto est\u00e9 o vaya a estar disponible en su pa\u00eds.<\/p><p class=\"p2\">Ning\u00fan contenido de la presente p\u00e1gina web pretende promocionar o hacer publicidad de ning\u00fan producto o del uso de este si no est\u00e1 disponible o aprobado en su pa\u00eds.<\/p><p class=\"p1\"><b><i>Informaci\u00f3n general<\/i><\/b><\/p><p class=\"p2\">En cumplimiento del art\u00edculo 10 de la Ley 34\/2002, de 11 de julio, de servicios de la sociedad de la informaci\u00f3n y de comercio electr\u00f3nico, CANTABRIA LABS proporciona la siguiente informaci\u00f3n:<\/p><p class=\"p2\"><b>Denominaci\u00f3n social:<\/b>\u00a0INDUSTRIAL FARMACEUTICA CANTABRIA, S.A.<br \/><b>Oficina en:<\/b>\u00a0Calle Arequipa, n\u00ba1, 5\u00aa planta, 28043 Madrid (Espa\u00f1a).<br \/><b>Email:<\/b>\u00a0info@cantabrialabs.es<br \/><b>Registro:<\/b>\u00a0Empresa inscrita en el Registro Mercantil de Cantabria: Libro 22 de Sociedades, Folio 105, Hoja 1151, Inscripci\u00f3n 1\u00aa<br \/><b>NIF:<\/b>\u00a0A-39000914<br \/><b>C\u00f3digos Deontol\u00f3gicos:<\/b><br \/>Publicidad de Perfumes y Cosm\u00e9ticos<br \/><a href=\"https:\/\/www.stanpa.com\/files\/cutte\/Codigo_Autorregulacion_Comunicacion_Responsable.pdf\"><span class=\"s1\">C\u00f3digo de Autorregulaci\u00f3n para una comunicaci\u00f3n responsable en el Sector de Perfumer\u00eda y Cosm\u00e9tica (STANPA). (2015).<\/span><\/a>\u00a0Publicidad de Medicamentos Dirigidos al P\u00fablico<br \/><a href=\"https:\/\/www.autocontrol.es\/wp-content\/uploads\/2016\/02\/c%25C2%25A2digo-de-normas-deontol%25C2%25A2gicas-anefp.pdf\"><span class=\"s1\">C\u00f3digo de Normas Deontol\u00f3gicas para la promoci\u00f3n y publicidad de los medicamentos autorizados sin receta m\u00e9dica no financiados por el Sistema Nacional de Salud y otros productos para el autocuidado de la salud de la Asociaci\u00f3n para el Autocuidado de la Salud (ANEFP). (2007).<\/span><\/a><\/p><p class=\"p1\"><b><i>Protecci\u00f3n de datos<\/i><\/b><\/p><p class=\"p2\"><span class=\"s1\"><a href=\"https:\/\/allskinmed.com\/esp\/allskin-med-politica-de-privacidad.html\">Pinche aqu\u00ed<\/a><\/span>\u00a0para obtener m\u00e1s informaci\u00f3n respecto al tratamiento de datos que se realiza en el GRUPO CANTABRIA LABS<\/p><p class=\"p1\"><b><i>Cookies<\/i><\/b><\/p><p class=\"p2\"><span class=\"s1\"><a href=\"https:\/\/allskinmed.com\/esp\/allskin-med-politica-de-cookies.html\">Pinche aqu\u00ed<\/a><\/span>\u00a0para obtener m\u00e1s informaci\u00f3n respecto al uso de Cookies que se realiza en GRUPO CANTABRIA LABS<\/p><p class=\"p1\"><b><i>Derechos de la propiedad industrial e intelectual<\/i><\/b><\/p><p class=\"p2\">Todos los contenidos de esta p\u00e1gina web (incluyendo, entre otros, bases de datos, im\u00e1genes, dibujos, gr\u00e1ficos, texto, audio, video y archivos de software) son propiedad de CANTABRIA LABS, de no especificarse lo contrario, y est\u00e1n protegidos por los derechos nacionales e internacionales de la propiedad industrial e intelectual, entre otros.<\/p><p class=\"p2\">El contenido de estos no puede ser manipulado en ning\u00fan caso (modificado, copiado, alterado, reproducido, transmitido, adaptado, traducido, etc.) por los usuarios o por terceros, parcialmente o en su totalidad, sin la autorizaci\u00f3n expresa de CANTABRIA LABS, si no se especifica lo contrario.<\/p><p class=\"p2\">Las marcas, etiquetas, signos distintivos y logotipos que aparecen en la p\u00e1gina web de CANTABRIA LABS son propiedad de CANTABRIA LABS y est\u00e1n debidamente registrados.<\/p><p class=\"p2\">Copyright\u00a9 2018, INDUSTRIAL FARMACEUTICA CANTABRIA, S.A. Todos los derechos reservados.<\/p><p class=\"p1\"><b><i>Leyes aplicables y jurisdicci\u00f3n<\/i><\/b><\/p><p class=\"p2\">Todas las cuestiones relativas a la presente p\u00e1gina web se rigen por las leyes espa\u00f1olas y se someten a la jurisdicci\u00f3n exclusiva de los Juzgados y Tribunales de la ciudad de Madrid.<\/p>\t\t\t\t\t\t\t\t<\/div>\n\t\t\t\t<\/div>\n\t\t\t\t\t<\/div>\n\t\t<\/div>\n\t\t\t\t\t<\/div>\n\t\t<\/section>\n\t\t\t\t<\/div>\n\t\t","protected":false},"excerpt":{"rendered":"<p>Aviso Legal Condiciones de uso La informaci\u00f3n que contiene esta p\u00e1gina web se considera informaci\u00f3n general y educativa, y no puede ser utilizada o interpretada como asesoramiento m\u00e9dico o cualquier otro tipo de asesoramiento. Las decisiones relacionadas con la salud de los pacientes son competencia \u00fanica de los profesionales de la salud, teniendo en cuenta [&hellip;]<\/p>\n","protected":false},"author":2,"featured_media":0,"parent":0,"menu_order":0,"comment_status":"closed","ping_status":"closed","template":"","meta":{"_acf_changed":false,"site-sidebar-layout":"no-sidebar","site-content-layout":"page-builder","ast-site-content-layout":"default","site-content-style":"default","site-sidebar-style":"default","ast-global-header-display":"","ast-banner-title-visibility":"","ast-main-header-display":"","ast-hfb-above-header-display":"","ast-hfb-below-header-display":"","ast-hfb-mobile-header-display":"","site-post-title":"disabled","ast-breadcrumbs-content":"","ast-featured-img":"disabled","footer-sml-layout":"","theme-transparent-header-meta":"default","adv-header-id-meta":"","stick-header-meta":"default","header-above-stick-meta":"","header-main-stick-meta":"","header-below-stick-meta":"","astra-migrate-meta-layouts":"default","ast-page-background-enabled":"default","ast-page-background-meta":{"desktop":{"background-color":"","background-image":"","background-repeat":"repeat","background-position":"center center","background-size":"auto","background-attachment":"scroll","background-type":"","background-media":"","overlay-type":"","overlay-color":"","overlay-opacity":"","overlay-gradient":""},"tablet":{"background-color":"","background-image":"","background-repeat":"repeat","background-position":"center center","background-size":"auto","background-attachment":"scroll","background-type":"","background-media":"","overlay-type":"","overlay-color":"","overlay-opacity":"","overlay-gradient":""},"mobile":{"background-color":"","background-image":"","background-repeat":"repeat","background-position":"center center","background-size":"auto","background-attachment":"scroll","background-type":"","background-media":"","overlay-type":"","overlay-color":"","overlay-opacity":"","overlay-gradient":""}},"ast-content-background-meta":{"desktop":{"background-color":"var(--ast-global-color-5)","background-image":"","background-repeat":"repeat","background-position":"center center","background-size":"auto","background-attachment":"scroll","background-type":"","background-media":"","overlay-type":"","overlay-color":"","overlay-opacity":"","overlay-gradient":""},"tablet":{"background-color":"var(--ast-global-color-5)","background-image":"","background-repeat":"repeat","background-position":"center center","background-size":"auto","background-attachment":"scroll","background-type":"","background-media":"","overlay-type":"","overlay-color":"","overlay-opacity":"","overlay-gradient":""},"mobile":{"background-color":"var(--ast-global-color-5)","background-image":"","background-repeat":"repeat","background-position":"center center","background-size":"auto","background-attachment":"scroll","background-type":"","background-media":"","overlay-type":"","overlay-color":"","overlay-opacity":"","overlay-gradient":""}},"footnotes":""},"class_list":["post-1842","page","type-page","status-publish","hentry"],"acf":[],"yoast_head":"<!-- This site is optimized with the Yoast SEO plugin v26.0 - https:\/\/yoast.com\/wordpress\/plugins\/seo\/ -->\n<title>Aviso Legal - Allskin Med<\/title>\n<meta name=\"robots\" content=\"noindex, follow\" \/>\n<meta property=\"og:locale\" content=\"es_ES\" \/>\n<meta property=\"og:type\" content=\"article\" \/>\n<meta property=\"og:title\" content=\"Aviso Legal - Allskin Med\" \/>\n<meta property=\"og:description\" content=\"Aviso Legal Condiciones de uso La informaci\u00f3n que contiene esta p\u00e1gina web se considera informaci\u00f3n general y educativa, y no puede ser utilizada o interpretada como asesoramiento m\u00e9dico o cualquier otro tipo de asesoramiento. Las decisiones relacionadas con la salud de los pacientes son competencia \u00fanica de los profesionales de la salud, teniendo en cuenta [&hellip;]\" \/>\n<meta property=\"og:url\" content=\"https:\/\/www.allskinmed.com\/es\/aviso-legal\/\" \/>\n<meta property=\"og:site_name\" content=\"Allskin Med\" \/>\n<meta property=\"article:modified_time\" content=\"2021-09-22T10:40:54+00:00\" \/>\n<meta name=\"twitter:card\" content=\"summary_large_image\" \/>\n<meta name=\"twitter:label1\" content=\"Tiempo de lectura\" \/>\n\t<meta name=\"twitter:data1\" content=\"3 minutos\" \/>\n<script type=\"application\/ld+json\" class=\"yoast-schema-graph\">{\"@context\":\"https:\/\/schema.org\",\"@graph\":[{\"@type\":\"WebPage\",\"@id\":\"https:\/\/www.allskinmed.com\/es\/aviso-legal\/\",\"url\":\"https:\/\/www.allskinmed.com\/es\/aviso-legal\/\",\"name\":\"Aviso Legal - Allskin Med\",\"isPartOf\":{\"@id\":\"https:\/\/www.allskinmed.com\/es\/#website\"},\"datePublished\":\"2021-09-06T14:51:16+00:00\",\"dateModified\":\"2021-09-22T10:40:54+00:00\",\"breadcrumb\":{\"@id\":\"https:\/\/www.allskinmed.com\/es\/aviso-legal\/#breadcrumb\"},\"inLanguage\":\"es\",\"potentialAction\":[{\"@type\":\"ReadAction\",\"target\":[\"https:\/\/www.allskinmed.com\/es\/aviso-legal\/\"]}]},{\"@type\":\"BreadcrumbList\",\"@id\":\"https:\/\/www.allskinmed.com\/es\/aviso-legal\/#breadcrumb\",\"itemListElement\":[{\"@type\":\"ListItem\",\"position\":1,\"name\":\"Home\",\"item\":\"https:\/\/www.allskinmed.com\/es\/\"},{\"@type\":\"ListItem\",\"position\":2,\"name\":\"Aviso Legal\"}]},{\"@type\":\"WebSite\",\"@id\":\"https:\/\/www.allskinmed.com\/es\/#website\",\"url\":\"https:\/\/www.allskinmed.com\/es\/\",\"name\":\"Allskin Med\",\"description\":\"CantabriaLabs\",\"publisher\":{\"@id\":\"https:\/\/www.allskinmed.com\/es\/#organization\"},\"potentialAction\":[{\"@type\":\"SearchAction\",\"target\":{\"@type\":\"EntryPoint\",\"urlTemplate\":\"https:\/\/www.allskinmed.com\/es\/?s={search_term_string}\"},\"query-input\":{\"@type\":\"PropertyValueSpecification\",\"valueRequired\":true,\"valueName\":\"search_term_string\"}}],\"inLanguage\":\"es\"},{\"@type\":\"Organization\",\"@id\":\"https:\/\/www.allskinmed.com\/es\/#organization\",\"name\":\"ALLSKIN MED\",\"url\":\"https:\/\/www.allskinmed.com\/es\/\",\"logo\":{\"@type\":\"ImageObject\",\"inLanguage\":\"es\",\"@id\":\"https:\/\/www.allskinmed.com\/es\/#\/schema\/logo\/image\/\",\"url\":\"https:\/\/www.allskinmed.com\/wp-content\/uploads\/2021\/06\/Allskin-Med_Logo-gris.png\",\"contentUrl\":\"https:\/\/www.allskinmed.com\/wp-content\/uploads\/2021\/06\/Allskin-Med_Logo-gris.png\",\"width\":201,\"height\":33,\"caption\":\"ALLSKIN MED\"},\"image\":{\"@id\":\"https:\/\/www.allskinmed.com\/es\/#\/schema\/logo\/image\/\"}}]}<\/script>\n<!-- \/ Yoast SEO plugin. -->","yoast_head_json":{"title":"Aviso Legal - Allskin Med","robots":{"index":"noindex","follow":"follow"},"og_locale":"es_ES","og_type":"article","og_title":"Aviso Legal - Allskin Med","og_description":"Aviso Legal Condiciones de uso La informaci\u00f3n que contiene esta p\u00e1gina web se considera informaci\u00f3n general y educativa, y no puede ser utilizada o interpretada como asesoramiento m\u00e9dico o cualquier otro tipo de asesoramiento. Las decisiones relacionadas con la salud de los pacientes son competencia \u00fanica de los profesionales de la salud, teniendo en cuenta [&hellip;]","og_url":"https:\/\/www.allskinmed.com\/es\/aviso-legal\/","og_site_name":"Allskin Med","article_modified_time":"2021-09-22T10:40:54+00:00","twitter_card":"summary_large_image","twitter_misc":{"Tiempo de lectura":"3 minutos"},"schema":{"@context":"https:\/\/schema.org","@graph":[{"@type":"WebPage","@id":"https:\/\/www.allskinmed.com\/es\/aviso-legal\/","url":"https:\/\/www.allskinmed.com\/es\/aviso-legal\/","name":"Aviso Legal - Allskin Med","isPartOf":{"@id":"https:\/\/www.allskinmed.com\/es\/#website"},"datePublished":"2021-09-06T14:51:16+00:00","dateModified":"2021-09-22T10:40:54+00:00","breadcrumb":{"@id":"https:\/\/www.allskinmed.com\/es\/aviso-legal\/#breadcrumb"},"inLanguage":"es","potentialAction":[{"@type":"ReadAction","target":["https:\/\/www.allskinmed.com\/es\/aviso-legal\/"]}]},{"@type":"BreadcrumbList","@id":"https:\/\/www.allskinmed.com\/es\/aviso-legal\/#breadcrumb","itemListElement":[{"@type":"ListItem","position":1,"name":"Home","item":"https:\/\/www.allskinmed.com\/es\/"},{"@type":"ListItem","position":2,"name":"Aviso Legal"}]},{"@type":"WebSite","@id":"https:\/\/www.allskinmed.com\/es\/#website","url":"https:\/\/www.allskinmed.com\/es\/","name":"Allskin Med","description":"CantabriaLabs","publisher":{"@id":"https:\/\/www.allskinmed.com\/es\/#organization"},"potentialAction":[{"@type":"SearchAction","target":{"@type":"EntryPoint","urlTemplate":"https:\/\/www.allskinmed.com\/es\/?s={search_term_string}"},"query-input":{"@type":"PropertyValueSpecification","valueRequired":true,"valueName":"search_term_string"}}],"inLanguage":"es"},{"@type":"Organization","@id":"https:\/\/www.allskinmed.com\/es\/#organization","name":"ALLSKIN MED","url":"https:\/\/www.allskinmed.com\/es\/","logo":{"@type":"ImageObject","inLanguage":"es","@id":"https:\/\/www.allskinmed.com\/es\/#\/schema\/logo\/image\/","url":"https:\/\/www.allskinmed.com\/wp-content\/uploads\/2021\/06\/Allskin-Med_Logo-gris.png","contentUrl":"https:\/\/www.allskinmed.com\/wp-content\/uploads\/2021\/06\/Allskin-Med_Logo-gris.png","width":201,"height":33,"caption":"ALLSKIN MED"},"image":{"@id":"https:\/\/www.allskinmed.com\/es\/#\/schema\/logo\/image\/"}}]}},"_links":{"self":[{"href":"https:\/\/www.allskinmed.com\/es\/wp-json\/wp\/v2\/pages\/1842","targetHints":{"allow":["GET"]}}],"collection":[{"href":"https:\/\/www.allskinmed.com\/es\/wp-json\/wp\/v2\/pages"}],"about":[{"href":"https:\/\/www.allskinmed.com\/es\/wp-json\/wp\/v2\/types\/page"}],"author":[{"embeddable":true,"href":"https:\/\/www.allskinmed.com\/es\/wp-json\/wp\/v2\/users\/2"}],"replies":[{"embeddable":true,"href":"https:\/\/www.allskinmed.com\/es\/wp-json\/wp\/v2\/comments?post=1842"}],"version-history":[{"count":0,"href":"https:\/\/www.allskinmed.com\/es\/wp-json\/wp\/v2\/pages\/1842\/revisions"}],"wp:attachment":[{"href":"https:\/\/www.allskinmed.com\/es\/wp-json\/wp\/v2\/media?parent=1842"}],"curies":[{"name":"wp","href":"https:\/\/api.w.org\/{rel}","templated":true}]}}