{"id":1171,"date":"2021-08-25T15:38:46","date_gmt":"2021-08-25T15:38:46","guid":{"rendered":"https:\/\/www.allskinmed.com\/es\/?post_type=product&#038;p=1171"},"modified":"2021-09-29T09:13:06","modified_gmt":"2021-09-29T09:13:06","slug":"ampollas-regeneradoras","status":"publish","type":"product","link":"https:\/\/www.allskinmed.com\/es\/anti-aging-gf\/ampollas-regeneradoras\/","title":{"rendered":"Ampollas Regeneradoras"},"content":{"rendered":"","protected":false},"excerpt":{"rendered":"<p>Tratamiento antiedad intensivo que ayuda a prevenir y a reducir los signos visibles del envejecimiento cut\u00e1neo.<br \/>\nFormulado con nuestra tecnolog\u00eda patentada SCA\u00ae PRO rica en factores de crecimiento con propiedades regeneradoras y redensificantes, que aumentan la firmeza y la elasticidad de la piel y reducen las l\u00edneas de expresi\u00f3n y arrugas.<br \/>\nLos activos antioxidantes ayudan a proteger la estructura cut\u00e1nea de los da\u00f1os debidos al estr\u00e9s ambiental.<br \/>\nSu intensa actividad regeneradora y reparadora hacen que este producto sea id\u00f3neo para garantizar una r\u00e1pida recuperaci\u00f3n de la piel tras procedimientos dermoest\u00e9ticos, mejorando los resultados del tratamiento.<\/p>\n","protected":false},"featured_media":2706,"template":"","meta":{"_acf_changed":false,"site-sidebar-layout":"no-sidebar","site-content-layout":"default","ast-site-content-layout":"default","site-content-style":"default","site-sidebar-style":"default","ast-global-header-display":"","ast-banner-title-visibility":"","ast-main-header-display":"","ast-hfb-above-header-display":"","ast-hfb-below-header-display":"","ast-hfb-mobile-header-display":"","site-post-title":"","ast-breadcrumbs-content":"","ast-featured-img":"","footer-sml-layout":"","theme-transparent-header-meta":"default","adv-header-id-meta":"","stick-header-meta":"default","header-above-stick-meta":"","header-main-stick-meta":"","header-below-stick-meta":"","astra-migrate-meta-layouts":"default","ast-page-background-enabled":"default","ast-page-background-meta":{"desktop":{"background-color":"","background-image":"","background-repeat":"repeat","background-position":"center center","background-size":"auto","background-attachment":"scroll","background-type":"","background-media":"","overlay-type":"","overlay-color":"","overlay-opacity":"","overlay-gradient":""},"tablet":{"background-color":"","background-image":"","background-repeat":"repeat","background-position":"center center","background-size":"auto","background-attachment":"scroll","background-type":"","background-media":"","overlay-type":"","overlay-color":"","overlay-opacity":"","overlay-gradient":""},"mobile":{"background-color":"","background-image":"","background-repeat":"repeat","background-position":"center center","background-size":"auto","background-attachment":"scroll","background-type":"","background-media":"","overlay-type":"","overlay-color":"","overlay-opacity":"","overlay-gradient":""}},"ast-content-background-meta":{"desktop":{"background-color":"var(--ast-global-color-5)","background-image":"","background-repeat":"repeat","background-position":"center center","background-size":"auto","background-attachment":"scroll","background-type":"","background-media":"","overlay-type":"","overlay-color":"","overlay-opacity":"","overlay-gradient":""},"tablet":{"background-color":"var(--ast-global-color-5)","background-image":"","background-repeat":"repeat","background-position":"center center","background-size":"auto","background-attachment":"scroll","background-type":"","background-media":"","overlay-type":"","overlay-color":"","overlay-opacity":"","overlay-gradient":""},"mobile":{"background-color":"var(--ast-global-color-5)","background-image":"","background-repeat":"repeat","background-position":"center center","background-size":"auto","background-attachment":"scroll","background-type":"","background-media":"","overlay-type":"","overlay-color":"","overlay-opacity":"","overlay-gradient":""}}},"product_brand":[],"product_cat":[91],"product_tag":[101],"class_list":{"0":"post-1171","1":"product","2":"type-product","3":"status-publish","4":"has-post-thumbnail","6":"taxonomy-reafirmante","7":"taxonomy-redensificante","8":"taxonomy-regenerador","9":"product_cat-anti-aging-gf","10":"product_tag-ampollas","11":"align-left","12":"box-shadow-0","13":"box-shadow-0-hover","14":"ast-product-gallery-layout-vertical","15":"ast-product-tabs-layout-horizontal","17":"first","18":"instock","19":"shipping-taxable","20":"product-type-simple"},"acf":[],"yoast_head":"<!-- This site is optimized with the Yoast SEO plugin v26.0 - https:\/\/yoast.com\/wordpress\/plugins\/seo\/ -->\n<title>Ampollas Regeneradoras que previenen el envejecimiento de la piel<\/title>\n<meta name=\"description\" content=\"Tratamiento antiedad intensivo que ayuda a prevenir y a reducir los signos visibles del envejecimiento cut\u00e1neo.\" \/>\n<meta name=\"robots\" content=\"index, follow, max-snippet:-1, max-image-preview:large, max-video-preview:-1\" \/>\n<link rel=\"canonical\" href=\"https:\/\/www.allskinmed.com\/es\/anti-aging-gf\/ampollas-regeneradoras\/\" \/>\n<meta property=\"og:locale\" content=\"es_ES\" \/>\n<meta property=\"og:type\" content=\"article\" \/>\n<meta property=\"og:title\" content=\"Ampollas Regeneradoras que previenen el envejecimiento de la piel\" \/>\n<meta property=\"og:description\" content=\"Tratamiento antiedad intensivo que ayuda a prevenir y a reducir los signos visibles del envejecimiento cut\u00e1neo.\" \/>\n<meta property=\"og:url\" content=\"https:\/\/www.allskinmed.com\/es\/anti-aging-gf\/ampollas-regeneradoras\/\" \/>\n<meta property=\"og:site_name\" content=\"Allskin Med\" \/>\n<meta property=\"article:modified_time\" content=\"2021-09-29T09:13:06+00:00\" \/>\n<meta property=\"og:image\" content=\"https:\/\/www.allskinmed.com\/wp-content\/uploads\/2021\/08\/min-1-allskinmed-ampollas-antiaging-gf-01-1.png\" \/>\n\t<meta property=\"og:image:width\" content=\"580\" \/>\n\t<meta property=\"og:image:height\" content=\"580\" \/>\n\t<meta property=\"og:image:type\" content=\"image\/png\" \/>\n<meta name=\"twitter:card\" content=\"summary_large_image\" \/>\n<meta name=\"twitter:label1\" content=\"Tiempo de lectura\" \/>\n\t<meta name=\"twitter:data1\" content=\"1 minuto\" \/>\n<script type=\"application\/ld+json\" class=\"yoast-schema-graph\">{\"@context\":\"https:\/\/schema.org\",\"@graph\":[{\"@type\":\"WebPage\",\"@id\":\"https:\/\/www.allskinmed.com\/es\/anti-aging-gf\/ampollas-regeneradoras\/\",\"url\":\"https:\/\/www.allskinmed.com\/es\/anti-aging-gf\/ampollas-regeneradoras\/\",\"name\":\"Ampollas Regeneradoras que previenen el envejecimiento de la piel\",\"isPartOf\":{\"@id\":\"https:\/\/www.allskinmed.com\/es\/#website\"},\"primaryImageOfPage\":{\"@id\":\"https:\/\/www.allskinmed.com\/es\/anti-aging-gf\/ampollas-regeneradoras\/#primaryimage\"},\"image\":{\"@id\":\"https:\/\/www.allskinmed.com\/es\/anti-aging-gf\/ampollas-regeneradoras\/#primaryimage\"},\"thumbnailUrl\":\"https:\/\/www.allskinmed.com\/wp-content\/uploads\/2021\/08\/min-1-allskinmed-ampollas-antiaging-gf-01-1.png\",\"datePublished\":\"2021-08-25T15:38:46+00:00\",\"dateModified\":\"2021-09-29T09:13:06+00:00\",\"description\":\"Tratamiento antiedad intensivo que ayuda a prevenir y a reducir los signos visibles del envejecimiento cut\u00e1neo.\",\"breadcrumb\":{\"@id\":\"https:\/\/www.allskinmed.com\/es\/anti-aging-gf\/ampollas-regeneradoras\/#breadcrumb\"},\"inLanguage\":\"es\",\"potentialAction\":[{\"@type\":\"ReadAction\",\"target\":[\"https:\/\/www.allskinmed.com\/es\/anti-aging-gf\/ampollas-regeneradoras\/\"]}]},{\"@type\":\"ImageObject\",\"inLanguage\":\"es\",\"@id\":\"https:\/\/www.allskinmed.com\/es\/anti-aging-gf\/ampollas-regeneradoras\/#primaryimage\",\"url\":\"https:\/\/www.allskinmed.com\/wp-content\/uploads\/2021\/08\/min-1-allskinmed-ampollas-antiaging-gf-01-1.png\",\"contentUrl\":\"https:\/\/www.allskinmed.com\/wp-content\/uploads\/2021\/08\/min-1-allskinmed-ampollas-antiaging-gf-01-1.png\",\"width\":580,\"height\":580},{\"@type\":\"BreadcrumbList\",\"@id\":\"https:\/\/www.allskinmed.com\/es\/anti-aging-gf\/ampollas-regeneradoras\/#breadcrumb\",\"itemListElement\":[{\"@type\":\"ListItem\",\"position\":1,\"name\":\"Home\",\"item\":\"https:\/\/www.allskinmed.com\/es\/\"},{\"@type\":\"ListItem\",\"position\":2,\"name\":\"Tienda\",\"item\":\"https:\/\/www.allskinmed.com\/es\/tienda\/\"},{\"@type\":\"ListItem\",\"position\":3,\"name\":\"Ampollas Regeneradoras\"}]},{\"@type\":\"WebSite\",\"@id\":\"https:\/\/www.allskinmed.com\/es\/#website\",\"url\":\"https:\/\/www.allskinmed.com\/es\/\",\"name\":\"Allskin Med\",\"description\":\"CantabriaLabs\",\"publisher\":{\"@id\":\"https:\/\/www.allskinmed.com\/es\/#organization\"},\"potentialAction\":[{\"@type\":\"SearchAction\",\"target\":{\"@type\":\"EntryPoint\",\"urlTemplate\":\"https:\/\/www.allskinmed.com\/es\/?s={search_term_string}\"},\"query-input\":{\"@type\":\"PropertyValueSpecification\",\"valueRequired\":true,\"valueName\":\"search_term_string\"}}],\"inLanguage\":\"es\"},{\"@type\":\"Organization\",\"@id\":\"https:\/\/www.allskinmed.com\/es\/#organization\",\"name\":\"ALLSKIN MED\",\"url\":\"https:\/\/www.allskinmed.com\/es\/\",\"logo\":{\"@type\":\"ImageObject\",\"inLanguage\":\"es\",\"@id\":\"https:\/\/www.allskinmed.com\/es\/#\/schema\/logo\/image\/\",\"url\":\"https:\/\/www.allskinmed.com\/wp-content\/uploads\/2021\/06\/Allskin-Med_Logo-gris.png\",\"contentUrl\":\"https:\/\/www.allskinmed.com\/wp-content\/uploads\/2021\/06\/Allskin-Med_Logo-gris.png\",\"width\":201,\"height\":33,\"caption\":\"ALLSKIN MED\"},\"image\":{\"@id\":\"https:\/\/www.allskinmed.com\/es\/#\/schema\/logo\/image\/\"}}]}<\/script>\n<!-- \/ Yoast SEO plugin. -->","yoast_head_json":{"title":"Ampollas Regeneradoras que previenen el envejecimiento de la piel","description":"Tratamiento antiedad intensivo que ayuda a prevenir y a reducir los signos visibles del envejecimiento cut\u00e1neo.","robots":{"index":"index","follow":"follow","max-snippet":"max-snippet:-1","max-image-preview":"max-image-preview:large","max-video-preview":"max-video-preview:-1"},"canonical":"https:\/\/www.allskinmed.com\/es\/anti-aging-gf\/ampollas-regeneradoras\/","og_locale":"es_ES","og_type":"article","og_title":"Ampollas Regeneradoras que previenen el envejecimiento de la piel","og_description":"Tratamiento antiedad intensivo que ayuda a prevenir y a reducir los signos visibles del envejecimiento cut\u00e1neo.","og_url":"https:\/\/www.allskinmed.com\/es\/anti-aging-gf\/ampollas-regeneradoras\/","og_site_name":"Allskin Med","article_modified_time":"2021-09-29T09:13:06+00:00","og_image":[{"width":580,"height":580,"url":"https:\/\/www.allskinmed.com\/wp-content\/uploads\/2021\/08\/min-1-allskinmed-ampollas-antiaging-gf-01-1.png","type":"image\/png"}],"twitter_card":"summary_large_image","twitter_misc":{"Tiempo de lectura":"1 minuto"},"schema":{"@context":"https:\/\/schema.org","@graph":[{"@type":"WebPage","@id":"https:\/\/www.allskinmed.com\/es\/anti-aging-gf\/ampollas-regeneradoras\/","url":"https:\/\/www.allskinmed.com\/es\/anti-aging-gf\/ampollas-regeneradoras\/","name":"Ampollas Regeneradoras que previenen el envejecimiento de la piel","isPartOf":{"@id":"https:\/\/www.allskinmed.com\/es\/#website"},"primaryImageOfPage":{"@id":"https:\/\/www.allskinmed.com\/es\/anti-aging-gf\/ampollas-regeneradoras\/#primaryimage"},"image":{"@id":"https:\/\/www.allskinmed.com\/es\/anti-aging-gf\/ampollas-regeneradoras\/#primaryimage"},"thumbnailUrl":"https:\/\/www.allskinmed.com\/wp-content\/uploads\/2021\/08\/min-1-allskinmed-ampollas-antiaging-gf-01-1.png","datePublished":"2021-08-25T15:38:46+00:00","dateModified":"2021-09-29T09:13:06+00:00","description":"Tratamiento antiedad intensivo que ayuda a prevenir y a reducir los signos visibles del envejecimiento cut\u00e1neo.","breadcrumb":{"@id":"https:\/\/www.allskinmed.com\/es\/anti-aging-gf\/ampollas-regeneradoras\/#breadcrumb"},"inLanguage":"es","potentialAction":[{"@type":"ReadAction","target":["https:\/\/www.allskinmed.com\/es\/anti-aging-gf\/ampollas-regeneradoras\/"]}]},{"@type":"ImageObject","inLanguage":"es","@id":"https:\/\/www.allskinmed.com\/es\/anti-aging-gf\/ampollas-regeneradoras\/#primaryimage","url":"https:\/\/www.allskinmed.com\/wp-content\/uploads\/2021\/08\/min-1-allskinmed-ampollas-antiaging-gf-01-1.png","contentUrl":"https:\/\/www.allskinmed.com\/wp-content\/uploads\/2021\/08\/min-1-allskinmed-ampollas-antiaging-gf-01-1.png","width":580,"height":580},{"@type":"BreadcrumbList","@id":"https:\/\/www.allskinmed.com\/es\/anti-aging-gf\/ampollas-regeneradoras\/#breadcrumb","itemListElement":[{"@type":"ListItem","position":1,"name":"Home","item":"https:\/\/www.allskinmed.com\/es\/"},{"@type":"ListItem","position":2,"name":"Tienda","item":"https:\/\/www.allskinmed.com\/es\/tienda\/"},{"@type":"ListItem","position":3,"name":"Ampollas Regeneradoras"}]},{"@type":"WebSite","@id":"https:\/\/www.allskinmed.com\/es\/#website","url":"https:\/\/www.allskinmed.com\/es\/","name":"Allskin Med","description":"CantabriaLabs","publisher":{"@id":"https:\/\/www.allskinmed.com\/es\/#organization"},"potentialAction":[{"@type":"SearchAction","target":{"@type":"EntryPoint","urlTemplate":"https:\/\/www.allskinmed.com\/es\/?s={search_term_string}"},"query-input":{"@type":"PropertyValueSpecification","valueRequired":true,"valueName":"search_term_string"}}],"inLanguage":"es"},{"@type":"Organization","@id":"https:\/\/www.allskinmed.com\/es\/#organization","name":"ALLSKIN MED","url":"https:\/\/www.allskinmed.com\/es\/","logo":{"@type":"ImageObject","inLanguage":"es","@id":"https:\/\/www.allskinmed.com\/es\/#\/schema\/logo\/image\/","url":"https:\/\/www.allskinmed.com\/wp-content\/uploads\/2021\/06\/Allskin-Med_Logo-gris.png","contentUrl":"https:\/\/www.allskinmed.com\/wp-content\/uploads\/2021\/06\/Allskin-Med_Logo-gris.png","width":201,"height":33,"caption":"ALLSKIN MED"},"image":{"@id":"https:\/\/www.allskinmed.com\/es\/#\/schema\/logo\/image\/"}}]}},"_links":{"self":[{"href":"https:\/\/www.allskinmed.com\/es\/wp-json\/wp\/v2\/product\/1171","targetHints":{"allow":["GET"]}}],"collection":[{"href":"https:\/\/www.allskinmed.com\/es\/wp-json\/wp\/v2\/product"}],"about":[{"href":"https:\/\/www.allskinmed.com\/es\/wp-json\/wp\/v2\/types\/product"}],"wp:featuredmedia":[{"embeddable":true,"href":"https:\/\/www.allskinmed.com\/es\/wp-json\/wp\/v2\/media\/2706"}],"wp:attachment":[{"href":"https:\/\/www.allskinmed.com\/es\/wp-json\/wp\/v2\/media?parent=1171"}],"wp:term":[{"taxonomy":"product_brand","embeddable":true,"href":"https:\/\/www.allskinmed.com\/es\/wp-json\/wp\/v2\/product_brand?post=1171"},{"taxonomy":"product_cat","embeddable":true,"href":"https:\/\/www.allskinmed.com\/es\/wp-json\/wp\/v2\/product_cat?post=1171"},{"taxonomy":"product_tag","embeddable":true,"href":"https:\/\/www.allskinmed.com\/es\/wp-json\/wp\/v2\/product_tag?post=1171"}],"curies":[{"name":"wp","href":"https:\/\/api.w.org\/{rel}","templated":true}]}}