{"id":1208,"date":"2021-08-25T16:32:55","date_gmt":"2021-08-25T16:32:55","guid":{"rendered":"https:\/\/www.allskinmed.com\/es\/?post_type=product&#038;p=1208"},"modified":"2025-06-19T13:47:06","modified_gmt":"2025-06-19T13:47:06","slug":"gel-iluminador","status":"publish","type":"product","link":"https:\/\/www.allskinmed.com\/es\/anti-aging-c\/gel-iluminador\/","title":{"rendered":"Gel Iluminador"},"content":{"rendered":"","protected":false},"excerpt":{"rendered":"<p>Gel ultraligero con una potente combinaci\u00f3n de Vitamina C y otros activos antioxidantes que regeneran, iluminan y protegen frente a radicales libres.<br \/>\nSu contenido en \u00e1cido hialur\u00f3nico de alto y bajo peso molecular asegura un nivel de hidrataci\u00f3n \u00f3ptimo.<br \/>\nAporta hidrataci\u00f3n profunda y ayuda a reducir las l\u00edneas de expresi\u00f3n y arrugas.<\/p>\n<p>Ingredientes clave:<\/p>\n<p>Complejo antioxidante: Vitaminas C y E, m\u00e1s \u00e1cido el\u00e1gico y \u00e1cido cafeico<\/p>\n<p>Hidratante Cut\u00e1neo: \u00c1cido Hialur\u00f3nico<\/p>\n<p>Regenerador y reparador: Factores de crecimiento SCA PRO R<\/p>\n","protected":false},"featured_media":1884,"template":"","meta":{"_acf_changed":false,"site-sidebar-layout":"no-sidebar","site-content-layout":"default","ast-site-content-layout":"default","site-content-style":"default","site-sidebar-style":"default","ast-global-header-display":"","ast-banner-title-visibility":"","ast-main-header-display":"","ast-hfb-above-header-display":"","ast-hfb-below-header-display":"","ast-hfb-mobile-header-display":"","site-post-title":"","ast-breadcrumbs-content":"","ast-featured-img":"","footer-sml-layout":"","theme-transparent-header-meta":"default","adv-header-id-meta":"","stick-header-meta":"default","header-above-stick-meta":"","header-main-stick-meta":"","header-below-stick-meta":"","astra-migrate-meta-layouts":"set","ast-page-background-enabled":"default","ast-page-background-meta":{"desktop":{"background-color":"","background-image":"","background-repeat":"repeat","background-position":"center center","background-size":"auto","background-attachment":"scroll","background-type":"","background-media":"","overlay-type":"","overlay-color":"","overlay-opacity":"","overlay-gradient":""},"tablet":{"background-color":"","background-image":"","background-repeat":"repeat","background-position":"center center","background-size":"auto","background-attachment":"scroll","background-type":"","background-media":"","overlay-type":"","overlay-color":"","overlay-opacity":"","overlay-gradient":""},"mobile":{"background-color":"","background-image":"","background-repeat":"repeat","background-position":"center center","background-size":"auto","background-attachment":"scroll","background-type":"","background-media":"","overlay-type":"","overlay-color":"","overlay-opacity":"","overlay-gradient":""}},"ast-content-background-meta":{"desktop":{"background-color":"var(--ast-global-color-5)","background-image":"","background-repeat":"repeat","background-position":"center center","background-size":"auto","background-attachment":"scroll","background-type":"","background-media":"","overlay-type":"","overlay-color":"","overlay-opacity":"","overlay-gradient":""},"tablet":{"background-color":"var(--ast-global-color-5)","background-image":"","background-repeat":"repeat","background-position":"center center","background-size":"auto","background-attachment":"scroll","background-type":"","background-media":"","overlay-type":"","overlay-color":"","overlay-opacity":"","overlay-gradient":""},"mobile":{"background-color":"var(--ast-global-color-5)","background-image":"","background-repeat":"repeat","background-position":"center center","background-size":"auto","background-attachment":"scroll","background-type":"","background-media":"","overlay-type":"","overlay-color":"","overlay-opacity":"","overlay-gradient":""}}},"product_brand":[],"product_cat":[73],"product_tag":[103],"class_list":{"0":"post-1208","1":"product","2":"type-product","3":"status-publish","4":"has-post-thumbnail","6":"taxonomy-antioxidante","7":"taxonomy-hidratante","8":"taxonomy-iluminador","9":"product_cat-anti-aging-c","10":"product_tag-antiedad","11":"align-left","12":"box-shadow-0","13":"box-shadow-0-hover","14":"ast-product-gallery-layout-vertical","15":"ast-product-tabs-layout-horizontal","17":"first","18":"instock","19":"shipping-taxable","20":"product-type-simple"},"acf":[],"yoast_head":"<!-- This site is optimized with the Yoast SEO plugin v26.0 - https:\/\/yoast.com\/wordpress\/plugins\/seo\/ -->\n<title>Gel ultraligero que regenera, ilumina y protege frente a radicales libres.<\/title>\n<meta name=\"description\" content=\"Gel ultraligero con Vitamina C y activos antioxidantes que aporta hidrataci\u00f3n profunda y ayuda a reducir las l\u00edneas de expresi\u00f3n y arrugas.\" \/>\n<meta name=\"robots\" content=\"index, follow, max-snippet:-1, max-image-preview:large, max-video-preview:-1\" \/>\n<link rel=\"canonical\" href=\"https:\/\/www.allskinmed.com\/es\/anti-aging-c\/gel-iluminador\/\" \/>\n<meta property=\"og:locale\" content=\"es_ES\" \/>\n<meta property=\"og:type\" content=\"article\" \/>\n<meta property=\"og:title\" content=\"Gel ultraligero que regenera, ilumina y protege frente a radicales libres.\" \/>\n<meta property=\"og:description\" content=\"Gel ultraligero con Vitamina C y activos antioxidantes que aporta hidrataci\u00f3n profunda y ayuda a reducir las l\u00edneas de expresi\u00f3n y arrugas.\" \/>\n<meta property=\"og:url\" content=\"https:\/\/www.allskinmed.com\/es\/anti-aging-c\/gel-iluminador\/\" \/>\n<meta property=\"og:site_name\" content=\"Allskin Med\" \/>\n<meta property=\"article:modified_time\" content=\"2025-06-19T13:47:06+00:00\" \/>\n<meta property=\"og:image\" content=\"https:\/\/www.allskinmed.com\/wp-content\/uploads\/2021\/08\/min-4-allskinmed-antiaging-c-radiance-gel-01.png\" \/>\n\t<meta property=\"og:image:width\" content=\"580\" \/>\n\t<meta property=\"og:image:height\" content=\"580\" \/>\n\t<meta property=\"og:image:type\" content=\"image\/png\" \/>\n<meta name=\"twitter:card\" content=\"summary_large_image\" \/>\n<script type=\"application\/ld+json\" class=\"yoast-schema-graph\">{\"@context\":\"https:\/\/schema.org\",\"@graph\":[{\"@type\":\"WebPage\",\"@id\":\"https:\/\/www.allskinmed.com\/es\/anti-aging-c\/gel-iluminador\/\",\"url\":\"https:\/\/www.allskinmed.com\/es\/anti-aging-c\/gel-iluminador\/\",\"name\":\"Gel ultraligero que regenera, ilumina y protege frente a radicales libres.\",\"isPartOf\":{\"@id\":\"https:\/\/www.allskinmed.com\/es\/#website\"},\"primaryImageOfPage\":{\"@id\":\"https:\/\/www.allskinmed.com\/es\/anti-aging-c\/gel-iluminador\/#primaryimage\"},\"image\":{\"@id\":\"https:\/\/www.allskinmed.com\/es\/anti-aging-c\/gel-iluminador\/#primaryimage\"},\"thumbnailUrl\":\"https:\/\/www.allskinmed.com\/wp-content\/uploads\/2021\/08\/min-4-allskinmed-antiaging-c-radiance-gel-01.png\",\"datePublished\":\"2021-08-25T16:32:55+00:00\",\"dateModified\":\"2025-06-19T13:47:06+00:00\",\"description\":\"Gel ultraligero con Vitamina C y activos antioxidantes que aporta hidrataci\u00f3n profunda y ayuda a reducir las l\u00edneas de expresi\u00f3n y arrugas.\",\"breadcrumb\":{\"@id\":\"https:\/\/www.allskinmed.com\/es\/anti-aging-c\/gel-iluminador\/#breadcrumb\"},\"inLanguage\":\"es\",\"potentialAction\":[{\"@type\":\"ReadAction\",\"target\":[\"https:\/\/www.allskinmed.com\/es\/anti-aging-c\/gel-iluminador\/\"]}]},{\"@type\":\"ImageObject\",\"inLanguage\":\"es\",\"@id\":\"https:\/\/www.allskinmed.com\/es\/anti-aging-c\/gel-iluminador\/#primaryimage\",\"url\":\"https:\/\/www.allskinmed.com\/wp-content\/uploads\/2021\/08\/min-4-allskinmed-antiaging-c-radiance-gel-01.png\",\"contentUrl\":\"https:\/\/www.allskinmed.com\/wp-content\/uploads\/2021\/08\/min-4-allskinmed-antiaging-c-radiance-gel-01.png\",\"width\":580,\"height\":580},{\"@type\":\"BreadcrumbList\",\"@id\":\"https:\/\/www.allskinmed.com\/es\/anti-aging-c\/gel-iluminador\/#breadcrumb\",\"itemListElement\":[{\"@type\":\"ListItem\",\"position\":1,\"name\":\"Home\",\"item\":\"https:\/\/www.allskinmed.com\/es\/\"},{\"@type\":\"ListItem\",\"position\":2,\"name\":\"Tienda\",\"item\":\"https:\/\/www.allskinmed.com\/es\/tienda\/\"},{\"@type\":\"ListItem\",\"position\":3,\"name\":\"Gel Iluminador\"}]},{\"@type\":\"WebSite\",\"@id\":\"https:\/\/www.allskinmed.com\/es\/#website\",\"url\":\"https:\/\/www.allskinmed.com\/es\/\",\"name\":\"Allskin Med\",\"description\":\"CantabriaLabs\",\"publisher\":{\"@id\":\"https:\/\/www.allskinmed.com\/es\/#organization\"},\"potentialAction\":[{\"@type\":\"SearchAction\",\"target\":{\"@type\":\"EntryPoint\",\"urlTemplate\":\"https:\/\/www.allskinmed.com\/es\/?s={search_term_string}\"},\"query-input\":{\"@type\":\"PropertyValueSpecification\",\"valueRequired\":true,\"valueName\":\"search_term_string\"}}],\"inLanguage\":\"es\"},{\"@type\":\"Organization\",\"@id\":\"https:\/\/www.allskinmed.com\/es\/#organization\",\"name\":\"ALLSKIN MED\",\"url\":\"https:\/\/www.allskinmed.com\/es\/\",\"logo\":{\"@type\":\"ImageObject\",\"inLanguage\":\"es\",\"@id\":\"https:\/\/www.allskinmed.com\/es\/#\/schema\/logo\/image\/\",\"url\":\"https:\/\/www.allskinmed.com\/wp-content\/uploads\/2021\/06\/Allskin-Med_Logo-gris.png\",\"contentUrl\":\"https:\/\/www.allskinmed.com\/wp-content\/uploads\/2021\/06\/Allskin-Med_Logo-gris.png\",\"width\":201,\"height\":33,\"caption\":\"ALLSKIN MED\"},\"image\":{\"@id\":\"https:\/\/www.allskinmed.com\/es\/#\/schema\/logo\/image\/\"}}]}<\/script>\n<!-- \/ Yoast SEO plugin. -->","yoast_head_json":{"title":"Gel ultraligero que regenera, ilumina y protege frente a radicales libres.","description":"Gel ultraligero con Vitamina C y activos antioxidantes que aporta hidrataci\u00f3n profunda y ayuda a reducir las l\u00edneas de expresi\u00f3n y arrugas.","robots":{"index":"index","follow":"follow","max-snippet":"max-snippet:-1","max-image-preview":"max-image-preview:large","max-video-preview":"max-video-preview:-1"},"canonical":"https:\/\/www.allskinmed.com\/es\/anti-aging-c\/gel-iluminador\/","og_locale":"es_ES","og_type":"article","og_title":"Gel ultraligero que regenera, ilumina y protege frente a radicales libres.","og_description":"Gel ultraligero con Vitamina C y activos antioxidantes que aporta hidrataci\u00f3n profunda y ayuda a reducir las l\u00edneas de expresi\u00f3n y arrugas.","og_url":"https:\/\/www.allskinmed.com\/es\/anti-aging-c\/gel-iluminador\/","og_site_name":"Allskin Med","article_modified_time":"2025-06-19T13:47:06+00:00","og_image":[{"width":580,"height":580,"url":"https:\/\/www.allskinmed.com\/wp-content\/uploads\/2021\/08\/min-4-allskinmed-antiaging-c-radiance-gel-01.png","type":"image\/png"}],"twitter_card":"summary_large_image","schema":{"@context":"https:\/\/schema.org","@graph":[{"@type":"WebPage","@id":"https:\/\/www.allskinmed.com\/es\/anti-aging-c\/gel-iluminador\/","url":"https:\/\/www.allskinmed.com\/es\/anti-aging-c\/gel-iluminador\/","name":"Gel ultraligero que regenera, ilumina y protege frente a radicales libres.","isPartOf":{"@id":"https:\/\/www.allskinmed.com\/es\/#website"},"primaryImageOfPage":{"@id":"https:\/\/www.allskinmed.com\/es\/anti-aging-c\/gel-iluminador\/#primaryimage"},"image":{"@id":"https:\/\/www.allskinmed.com\/es\/anti-aging-c\/gel-iluminador\/#primaryimage"},"thumbnailUrl":"https:\/\/www.allskinmed.com\/wp-content\/uploads\/2021\/08\/min-4-allskinmed-antiaging-c-radiance-gel-01.png","datePublished":"2021-08-25T16:32:55+00:00","dateModified":"2025-06-19T13:47:06+00:00","description":"Gel ultraligero con Vitamina C y activos antioxidantes que aporta hidrataci\u00f3n profunda y ayuda a reducir las l\u00edneas de expresi\u00f3n y arrugas.","breadcrumb":{"@id":"https:\/\/www.allskinmed.com\/es\/anti-aging-c\/gel-iluminador\/#breadcrumb"},"inLanguage":"es","potentialAction":[{"@type":"ReadAction","target":["https:\/\/www.allskinmed.com\/es\/anti-aging-c\/gel-iluminador\/"]}]},{"@type":"ImageObject","inLanguage":"es","@id":"https:\/\/www.allskinmed.com\/es\/anti-aging-c\/gel-iluminador\/#primaryimage","url":"https:\/\/www.allskinmed.com\/wp-content\/uploads\/2021\/08\/min-4-allskinmed-antiaging-c-radiance-gel-01.png","contentUrl":"https:\/\/www.allskinmed.com\/wp-content\/uploads\/2021\/08\/min-4-allskinmed-antiaging-c-radiance-gel-01.png","width":580,"height":580},{"@type":"BreadcrumbList","@id":"https:\/\/www.allskinmed.com\/es\/anti-aging-c\/gel-iluminador\/#breadcrumb","itemListElement":[{"@type":"ListItem","position":1,"name":"Home","item":"https:\/\/www.allskinmed.com\/es\/"},{"@type":"ListItem","position":2,"name":"Tienda","item":"https:\/\/www.allskinmed.com\/es\/tienda\/"},{"@type":"ListItem","position":3,"name":"Gel Iluminador"}]},{"@type":"WebSite","@id":"https:\/\/www.allskinmed.com\/es\/#website","url":"https:\/\/www.allskinmed.com\/es\/","name":"Allskin Med","description":"CantabriaLabs","publisher":{"@id":"https:\/\/www.allskinmed.com\/es\/#organization"},"potentialAction":[{"@type":"SearchAction","target":{"@type":"EntryPoint","urlTemplate":"https:\/\/www.allskinmed.com\/es\/?s={search_term_string}"},"query-input":{"@type":"PropertyValueSpecification","valueRequired":true,"valueName":"search_term_string"}}],"inLanguage":"es"},{"@type":"Organization","@id":"https:\/\/www.allskinmed.com\/es\/#organization","name":"ALLSKIN MED","url":"https:\/\/www.allskinmed.com\/es\/","logo":{"@type":"ImageObject","inLanguage":"es","@id":"https:\/\/www.allskinmed.com\/es\/#\/schema\/logo\/image\/","url":"https:\/\/www.allskinmed.com\/wp-content\/uploads\/2021\/06\/Allskin-Med_Logo-gris.png","contentUrl":"https:\/\/www.allskinmed.com\/wp-content\/uploads\/2021\/06\/Allskin-Med_Logo-gris.png","width":201,"height":33,"caption":"ALLSKIN MED"},"image":{"@id":"https:\/\/www.allskinmed.com\/es\/#\/schema\/logo\/image\/"}}]}},"_links":{"self":[{"href":"https:\/\/www.allskinmed.com\/es\/wp-json\/wp\/v2\/product\/1208","targetHints":{"allow":["GET"]}}],"collection":[{"href":"https:\/\/www.allskinmed.com\/es\/wp-json\/wp\/v2\/product"}],"about":[{"href":"https:\/\/www.allskinmed.com\/es\/wp-json\/wp\/v2\/types\/product"}],"wp:featuredmedia":[{"embeddable":true,"href":"https:\/\/www.allskinmed.com\/es\/wp-json\/wp\/v2\/media\/1884"}],"wp:attachment":[{"href":"https:\/\/www.allskinmed.com\/es\/wp-json\/wp\/v2\/media?parent=1208"}],"wp:term":[{"taxonomy":"product_brand","embeddable":true,"href":"https:\/\/www.allskinmed.com\/es\/wp-json\/wp\/v2\/product_brand?post=1208"},{"taxonomy":"product_cat","embeddable":true,"href":"https:\/\/www.allskinmed.com\/es\/wp-json\/wp\/v2\/product_cat?post=1208"},{"taxonomy":"product_tag","embeddable":true,"href":"https:\/\/www.allskinmed.com\/es\/wp-json\/wp\/v2\/product_tag?post=1208"}],"curies":[{"name":"wp","href":"https:\/\/api.w.org\/{rel}","templated":true}]}}