{"id":1222,"date":"2021-08-25T16:39:11","date_gmt":"2021-08-25T16:39:11","guid":{"rendered":"https:\/\/www.allskinmed.com\/es\/?post_type=product&#038;p=1222"},"modified":"2025-02-03T09:09:48","modified_gmt":"2025-02-03T09:09:48","slug":"contorno-ojos-reafirmante","status":"publish","type":"product","link":"https:\/\/www.allskinmed.com\/es\/anti-aging-gf\/contorno-ojos-reafirmante\/","title":{"rendered":"Contorno de ojos Reafirmante"},"content":{"rendered":"","protected":false},"excerpt":{"rendered":"<p>Gel ligero con activos que contribuyen a reducir las bolsas y las arrugas superficiales.<br \/>\nFormulado con nuestra tecnolog\u00eda patentada SCA\u00ae PRO rica en factores de crecimiento que ayudan a la regeneraci\u00f3n cut\u00e1nea, e ingredientes activos tensores que ayudan a reducir los signos del envejecimiento cut\u00e1neo. Sus pigmentos iluminadores mejoran la apariencia del contorno y matifican las ojeras.<\/p>\n<p>Ingredientes clave:<\/p>\n<p>Efecto descongestionante: Prote\u00edna de soja<\/p>\n<p>Antioxidante: Superoxido dismutasa<\/p>\n","protected":false},"featured_media":1881,"template":"","meta":{"_acf_changed":false,"site-sidebar-layout":"no-sidebar","site-content-layout":"default","ast-site-content-layout":"default","site-content-style":"default","site-sidebar-style":"default","ast-global-header-display":"","ast-banner-title-visibility":"","ast-main-header-display":"","ast-hfb-above-header-display":"","ast-hfb-below-header-display":"","ast-hfb-mobile-header-display":"","site-post-title":"","ast-breadcrumbs-content":"","ast-featured-img":"","footer-sml-layout":"","theme-transparent-header-meta":"default","adv-header-id-meta":"","stick-header-meta":"default","header-above-stick-meta":"","header-main-stick-meta":"","header-below-stick-meta":"","astra-migrate-meta-layouts":"set","ast-page-background-enabled":"default","ast-page-background-meta":{"desktop":{"background-color":"","background-image":"","background-repeat":"repeat","background-position":"center center","background-size":"auto","background-attachment":"scroll","background-type":"","background-media":"","overlay-type":"","overlay-color":"","overlay-opacity":"","overlay-gradient":""},"tablet":{"background-color":"","background-image":"","background-repeat":"repeat","background-position":"center center","background-size":"auto","background-attachment":"scroll","background-type":"","background-media":"","overlay-type":"","overlay-color":"","overlay-opacity":"","overlay-gradient":""},"mobile":{"background-color":"","background-image":"","background-repeat":"repeat","background-position":"center center","background-size":"auto","background-attachment":"scroll","background-type":"","background-media":"","overlay-type":"","overlay-color":"","overlay-opacity":"","overlay-gradient":""}},"ast-content-background-meta":{"desktop":{"background-color":"var(--ast-global-color-5)","background-image":"","background-repeat":"repeat","background-position":"center center","background-size":"auto","background-attachment":"scroll","background-type":"","background-media":"","overlay-type":"","overlay-color":"","overlay-opacity":"","overlay-gradient":""},"tablet":{"background-color":"var(--ast-global-color-5)","background-image":"","background-repeat":"repeat","background-position":"center center","background-size":"auto","background-attachment":"scroll","background-type":"","background-media":"","overlay-type":"","overlay-color":"","overlay-opacity":"","overlay-gradient":""},"mobile":{"background-color":"var(--ast-global-color-5)","background-image":"","background-repeat":"repeat","background-position":"center center","background-size":"auto","background-attachment":"scroll","background-type":"","background-media":"","overlay-type":"","overlay-color":"","overlay-opacity":"","overlay-gradient":""}}},"product_brand":[],"product_cat":[91],"product_tag":[109],"class_list":{"0":"post-1222","1":"product","2":"type-product","3":"status-publish","4":"has-post-thumbnail","6":"taxonomy-anti-ojeras","7":"taxonomy-hidratante","8":"taxonomy-reafirmante","9":"product_cat-anti-aging-gf","10":"product_tag-contorno-de-ojos","11":"align-left","12":"box-shadow-0","13":"box-shadow-0-hover","14":"ast-product-gallery-layout-vertical","15":"ast-product-tabs-layout-horizontal","17":"first","18":"instock","19":"shipping-taxable","20":"product-type-simple"},"acf":[],"yoast_head":"<!-- This site is optimized with the Yoast SEO plugin v26.0 - https:\/\/yoast.com\/wordpress\/plugins\/seo\/ -->\n<title>Contorno de ojos reafirmante que reduce bolsas y arrugas<\/title>\n<meta name=\"description\" content=\"Gel ligero con activos que contribuyen a reducir las bolsas y las arrugas superficiales. Formulado con nuestra tecnolog\u00eda patentada SCA\u00ae PRO.\" \/>\n<meta name=\"robots\" content=\"index, follow, max-snippet:-1, max-image-preview:large, max-video-preview:-1\" \/>\n<link rel=\"canonical\" href=\"https:\/\/www.allskinmed.com\/es\/anti-aging-gf\/contorno-ojos-reafirmante\/\" \/>\n<meta property=\"og:locale\" content=\"es_ES\" \/>\n<meta property=\"og:type\" content=\"article\" \/>\n<meta property=\"og:title\" content=\"Contorno de ojos reafirmante que reduce bolsas y arrugas\" \/>\n<meta property=\"og:description\" content=\"Gel ligero con activos que contribuyen a reducir las bolsas y las arrugas superficiales. Formulado con nuestra tecnolog\u00eda patentada SCA\u00ae PRO.\" \/>\n<meta property=\"og:url\" content=\"https:\/\/www.allskinmed.com\/es\/anti-aging-gf\/contorno-ojos-reafirmante\/\" \/>\n<meta property=\"og:site_name\" content=\"Allskin Med\" \/>\n<meta property=\"article:modified_time\" content=\"2025-02-03T09:09:48+00:00\" \/>\n<meta property=\"og:image\" content=\"https:\/\/www.allskinmed.com\/wp-content\/uploads\/2021\/08\/min-5-allskinmed-antiaging-contorno-de-ojos-01.png\" \/>\n\t<meta property=\"og:image:width\" content=\"580\" \/>\n\t<meta property=\"og:image:height\" content=\"580\" \/>\n\t<meta property=\"og:image:type\" content=\"image\/png\" \/>\n<meta name=\"twitter:card\" content=\"summary_large_image\" \/>\n<meta name=\"twitter:label1\" content=\"Tiempo de lectura\" \/>\n\t<meta name=\"twitter:data1\" content=\"1 minuto\" \/>\n<script type=\"application\/ld+json\" class=\"yoast-schema-graph\">{\"@context\":\"https:\/\/schema.org\",\"@graph\":[{\"@type\":\"WebPage\",\"@id\":\"https:\/\/www.allskinmed.com\/es\/anti-aging-gf\/contorno-ojos-reafirmante\/\",\"url\":\"https:\/\/www.allskinmed.com\/es\/anti-aging-gf\/contorno-ojos-reafirmante\/\",\"name\":\"Contorno de ojos reafirmante que reduce bolsas y arrugas\",\"isPartOf\":{\"@id\":\"https:\/\/www.allskinmed.com\/es\/#website\"},\"primaryImageOfPage\":{\"@id\":\"https:\/\/www.allskinmed.com\/es\/anti-aging-gf\/contorno-ojos-reafirmante\/#primaryimage\"},\"image\":{\"@id\":\"https:\/\/www.allskinmed.com\/es\/anti-aging-gf\/contorno-ojos-reafirmante\/#primaryimage\"},\"thumbnailUrl\":\"https:\/\/www.allskinmed.com\/wp-content\/uploads\/2021\/08\/min-5-allskinmed-antiaging-contorno-de-ojos-01.png\",\"datePublished\":\"2021-08-25T16:39:11+00:00\",\"dateModified\":\"2025-02-03T09:09:48+00:00\",\"description\":\"Gel ligero con activos que contribuyen a reducir las bolsas y las arrugas superficiales. Formulado con nuestra tecnolog\u00eda patentada SCA\u00ae PRO.\",\"breadcrumb\":{\"@id\":\"https:\/\/www.allskinmed.com\/es\/anti-aging-gf\/contorno-ojos-reafirmante\/#breadcrumb\"},\"inLanguage\":\"es\",\"potentialAction\":[{\"@type\":\"ReadAction\",\"target\":[\"https:\/\/www.allskinmed.com\/es\/anti-aging-gf\/contorno-ojos-reafirmante\/\"]}]},{\"@type\":\"ImageObject\",\"inLanguage\":\"es\",\"@id\":\"https:\/\/www.allskinmed.com\/es\/anti-aging-gf\/contorno-ojos-reafirmante\/#primaryimage\",\"url\":\"https:\/\/www.allskinmed.com\/wp-content\/uploads\/2021\/08\/min-5-allskinmed-antiaging-contorno-de-ojos-01.png\",\"contentUrl\":\"https:\/\/www.allskinmed.com\/wp-content\/uploads\/2021\/08\/min-5-allskinmed-antiaging-contorno-de-ojos-01.png\",\"width\":580,\"height\":580},{\"@type\":\"BreadcrumbList\",\"@id\":\"https:\/\/www.allskinmed.com\/es\/anti-aging-gf\/contorno-ojos-reafirmante\/#breadcrumb\",\"itemListElement\":[{\"@type\":\"ListItem\",\"position\":1,\"name\":\"Home\",\"item\":\"https:\/\/www.allskinmed.com\/es\/\"},{\"@type\":\"ListItem\",\"position\":2,\"name\":\"Tienda\",\"item\":\"https:\/\/www.allskinmed.com\/es\/tienda\/\"},{\"@type\":\"ListItem\",\"position\":3,\"name\":\"Contorno de ojos Reafirmante\"}]},{\"@type\":\"WebSite\",\"@id\":\"https:\/\/www.allskinmed.com\/es\/#website\",\"url\":\"https:\/\/www.allskinmed.com\/es\/\",\"name\":\"Allskin Med\",\"description\":\"CantabriaLabs\",\"publisher\":{\"@id\":\"https:\/\/www.allskinmed.com\/es\/#organization\"},\"potentialAction\":[{\"@type\":\"SearchAction\",\"target\":{\"@type\":\"EntryPoint\",\"urlTemplate\":\"https:\/\/www.allskinmed.com\/es\/?s={search_term_string}\"},\"query-input\":{\"@type\":\"PropertyValueSpecification\",\"valueRequired\":true,\"valueName\":\"search_term_string\"}}],\"inLanguage\":\"es\"},{\"@type\":\"Organization\",\"@id\":\"https:\/\/www.allskinmed.com\/es\/#organization\",\"name\":\"ALLSKIN MED\",\"url\":\"https:\/\/www.allskinmed.com\/es\/\",\"logo\":{\"@type\":\"ImageObject\",\"inLanguage\":\"es\",\"@id\":\"https:\/\/www.allskinmed.com\/es\/#\/schema\/logo\/image\/\",\"url\":\"https:\/\/www.allskinmed.com\/wp-content\/uploads\/2021\/06\/Allskin-Med_Logo-gris.png\",\"contentUrl\":\"https:\/\/www.allskinmed.com\/wp-content\/uploads\/2021\/06\/Allskin-Med_Logo-gris.png\",\"width\":201,\"height\":33,\"caption\":\"ALLSKIN MED\"},\"image\":{\"@id\":\"https:\/\/www.allskinmed.com\/es\/#\/schema\/logo\/image\/\"}}]}<\/script>\n<!-- \/ Yoast SEO plugin. -->","yoast_head_json":{"title":"Contorno de ojos reafirmante que reduce bolsas y arrugas","description":"Gel ligero con activos que contribuyen a reducir las bolsas y las arrugas superficiales. Formulado con nuestra tecnolog\u00eda patentada SCA\u00ae PRO.","robots":{"index":"index","follow":"follow","max-snippet":"max-snippet:-1","max-image-preview":"max-image-preview:large","max-video-preview":"max-video-preview:-1"},"canonical":"https:\/\/www.allskinmed.com\/es\/anti-aging-gf\/contorno-ojos-reafirmante\/","og_locale":"es_ES","og_type":"article","og_title":"Contorno de ojos reafirmante que reduce bolsas y arrugas","og_description":"Gel ligero con activos que contribuyen a reducir las bolsas y las arrugas superficiales. Formulado con nuestra tecnolog\u00eda patentada SCA\u00ae PRO.","og_url":"https:\/\/www.allskinmed.com\/es\/anti-aging-gf\/contorno-ojos-reafirmante\/","og_site_name":"Allskin Med","article_modified_time":"2025-02-03T09:09:48+00:00","og_image":[{"width":580,"height":580,"url":"https:\/\/www.allskinmed.com\/wp-content\/uploads\/2021\/08\/min-5-allskinmed-antiaging-contorno-de-ojos-01.png","type":"image\/png"}],"twitter_card":"summary_large_image","twitter_misc":{"Tiempo de lectura":"1 minuto"},"schema":{"@context":"https:\/\/schema.org","@graph":[{"@type":"WebPage","@id":"https:\/\/www.allskinmed.com\/es\/anti-aging-gf\/contorno-ojos-reafirmante\/","url":"https:\/\/www.allskinmed.com\/es\/anti-aging-gf\/contorno-ojos-reafirmante\/","name":"Contorno de ojos reafirmante que reduce bolsas y arrugas","isPartOf":{"@id":"https:\/\/www.allskinmed.com\/es\/#website"},"primaryImageOfPage":{"@id":"https:\/\/www.allskinmed.com\/es\/anti-aging-gf\/contorno-ojos-reafirmante\/#primaryimage"},"image":{"@id":"https:\/\/www.allskinmed.com\/es\/anti-aging-gf\/contorno-ojos-reafirmante\/#primaryimage"},"thumbnailUrl":"https:\/\/www.allskinmed.com\/wp-content\/uploads\/2021\/08\/min-5-allskinmed-antiaging-contorno-de-ojos-01.png","datePublished":"2021-08-25T16:39:11+00:00","dateModified":"2025-02-03T09:09:48+00:00","description":"Gel ligero con activos que contribuyen a reducir las bolsas y las arrugas superficiales. Formulado con nuestra tecnolog\u00eda patentada SCA\u00ae PRO.","breadcrumb":{"@id":"https:\/\/www.allskinmed.com\/es\/anti-aging-gf\/contorno-ojos-reafirmante\/#breadcrumb"},"inLanguage":"es","potentialAction":[{"@type":"ReadAction","target":["https:\/\/www.allskinmed.com\/es\/anti-aging-gf\/contorno-ojos-reafirmante\/"]}]},{"@type":"ImageObject","inLanguage":"es","@id":"https:\/\/www.allskinmed.com\/es\/anti-aging-gf\/contorno-ojos-reafirmante\/#primaryimage","url":"https:\/\/www.allskinmed.com\/wp-content\/uploads\/2021\/08\/min-5-allskinmed-antiaging-contorno-de-ojos-01.png","contentUrl":"https:\/\/www.allskinmed.com\/wp-content\/uploads\/2021\/08\/min-5-allskinmed-antiaging-contorno-de-ojos-01.png","width":580,"height":580},{"@type":"BreadcrumbList","@id":"https:\/\/www.allskinmed.com\/es\/anti-aging-gf\/contorno-ojos-reafirmante\/#breadcrumb","itemListElement":[{"@type":"ListItem","position":1,"name":"Home","item":"https:\/\/www.allskinmed.com\/es\/"},{"@type":"ListItem","position":2,"name":"Tienda","item":"https:\/\/www.allskinmed.com\/es\/tienda\/"},{"@type":"ListItem","position":3,"name":"Contorno de ojos Reafirmante"}]},{"@type":"WebSite","@id":"https:\/\/www.allskinmed.com\/es\/#website","url":"https:\/\/www.allskinmed.com\/es\/","name":"Allskin Med","description":"CantabriaLabs","publisher":{"@id":"https:\/\/www.allskinmed.com\/es\/#organization"},"potentialAction":[{"@type":"SearchAction","target":{"@type":"EntryPoint","urlTemplate":"https:\/\/www.allskinmed.com\/es\/?s={search_term_string}"},"query-input":{"@type":"PropertyValueSpecification","valueRequired":true,"valueName":"search_term_string"}}],"inLanguage":"es"},{"@type":"Organization","@id":"https:\/\/www.allskinmed.com\/es\/#organization","name":"ALLSKIN MED","url":"https:\/\/www.allskinmed.com\/es\/","logo":{"@type":"ImageObject","inLanguage":"es","@id":"https:\/\/www.allskinmed.com\/es\/#\/schema\/logo\/image\/","url":"https:\/\/www.allskinmed.com\/wp-content\/uploads\/2021\/06\/Allskin-Med_Logo-gris.png","contentUrl":"https:\/\/www.allskinmed.com\/wp-content\/uploads\/2021\/06\/Allskin-Med_Logo-gris.png","width":201,"height":33,"caption":"ALLSKIN MED"},"image":{"@id":"https:\/\/www.allskinmed.com\/es\/#\/schema\/logo\/image\/"}}]}},"_links":{"self":[{"href":"https:\/\/www.allskinmed.com\/es\/wp-json\/wp\/v2\/product\/1222","targetHints":{"allow":["GET"]}}],"collection":[{"href":"https:\/\/www.allskinmed.com\/es\/wp-json\/wp\/v2\/product"}],"about":[{"href":"https:\/\/www.allskinmed.com\/es\/wp-json\/wp\/v2\/types\/product"}],"wp:featuredmedia":[{"embeddable":true,"href":"https:\/\/www.allskinmed.com\/es\/wp-json\/wp\/v2\/media\/1881"}],"wp:attachment":[{"href":"https:\/\/www.allskinmed.com\/es\/wp-json\/wp\/v2\/media?parent=1222"}],"wp:term":[{"taxonomy":"product_brand","embeddable":true,"href":"https:\/\/www.allskinmed.com\/es\/wp-json\/wp\/v2\/product_brand?post=1222"},{"taxonomy":"product_cat","embeddable":true,"href":"https:\/\/www.allskinmed.com\/es\/wp-json\/wp\/v2\/product_cat?post=1222"},{"taxonomy":"product_tag","embeddable":true,"href":"https:\/\/www.allskinmed.com\/es\/wp-json\/wp\/v2\/product_tag?post=1222"}],"curies":[{"name":"wp","href":"https:\/\/api.w.org\/{rel}","templated":true}]}}