{"id":13400,"date":"2022-10-17T07:46:18","date_gmt":"2022-10-17T07:46:18","guid":{"rendered":"https:\/\/www.allskinmed.com\/?post_type=product&#038;p=13400"},"modified":"2023-06-30T08:24:25","modified_gmt":"2023-06-30T08:24:25","slug":"champu-exfoliante","status":"publish","type":"product","link":"https:\/\/www.allskinmed.com\/es\/hair\/champu-exfoliante\/","title":{"rendered":"Champ\u00fa Exfoliante"},"content":{"rendered":"","protected":false},"excerpt":{"rendered":"<p>Champ\u00fa indicado para el tratamiento cosm\u00e9tico de los estados descamativos del cuero cabelludo. Formulado con activos con actividad seborreguladora, queratol\u00edtica y antioxidante. Higiene de uso frecuente para el cuidado del cuero cabelludo.<br \/>\nCalma, hidrata y retira el exceso de grasa del cuero cabelludo.<\/p>\n<p>Formato: 200 ml<\/p>\n","protected":false},"featured_media":13675,"template":"","meta":{"_acf_changed":false,"site-sidebar-layout":"default","site-content-layout":"default","ast-site-content-layout":"default","site-content-style":"default","site-sidebar-style":"default","ast-global-header-display":"","ast-banner-title-visibility":"","ast-main-header-display":"","ast-hfb-above-header-display":"","ast-hfb-below-header-display":"","ast-hfb-mobile-header-display":"","site-post-title":"","ast-breadcrumbs-content":"","ast-featured-img":"","footer-sml-layout":"","theme-transparent-header-meta":"default","adv-header-id-meta":"","stick-header-meta":"default","header-above-stick-meta":"","header-main-stick-meta":"","header-below-stick-meta":"","astra-migrate-meta-layouts":"default","ast-page-background-enabled":"default","ast-page-background-meta":{"desktop":{"background-color":"","background-image":"","background-repeat":"repeat","background-position":"center center","background-size":"auto","background-attachment":"scroll","background-type":"","background-media":"","overlay-type":"","overlay-color":"","overlay-opacity":"","overlay-gradient":""},"tablet":{"background-color":"","background-image":"","background-repeat":"repeat","background-position":"center center","background-size":"auto","background-attachment":"scroll","background-type":"","background-media":"","overlay-type":"","overlay-color":"","overlay-opacity":"","overlay-gradient":""},"mobile":{"background-color":"","background-image":"","background-repeat":"repeat","background-position":"center center","background-size":"auto","background-attachment":"scroll","background-type":"","background-media":"","overlay-type":"","overlay-color":"","overlay-opacity":"","overlay-gradient":""}},"ast-content-background-meta":{"desktop":{"background-color":"var(--ast-global-color-5)","background-image":"","background-repeat":"repeat","background-position":"center center","background-size":"auto","background-attachment":"scroll","background-type":"","background-media":"","overlay-type":"","overlay-color":"","overlay-opacity":"","overlay-gradient":""},"tablet":{"background-color":"var(--ast-global-color-5)","background-image":"","background-repeat":"repeat","background-position":"center center","background-size":"auto","background-attachment":"scroll","background-type":"","background-media":"","overlay-type":"","overlay-color":"","overlay-opacity":"","overlay-gradient":""},"mobile":{"background-color":"var(--ast-global-color-5)","background-image":"","background-repeat":"repeat","background-position":"center center","background-size":"auto","background-attachment":"scroll","background-type":"","background-media":"","overlay-type":"","overlay-color":"","overlay-opacity":"","overlay-gradient":""}}},"product_brand":[],"product_cat":[239],"product_tag":[],"class_list":{"0":"post-13400","1":"product","2":"type-product","3":"status-publish","4":"has-post-thumbnail","6":"taxonomy-accion-queratolitica","7":"taxonomy-antioxidante","8":"taxonomy-control-exceso-de-grasa","9":"product_cat-hair","10":"align-left","11":"box-shadow-0","12":"box-shadow-0-hover","13":"ast-product-gallery-layout-vertical","14":"ast-product-tabs-layout-horizontal","16":"first","17":"instock","18":"shipping-taxable","19":"product-type-simple"},"acf":[],"yoast_head":"<!-- This site is optimized with the Yoast SEO plugin v26.0 - https:\/\/yoast.com\/wordpress\/plugins\/seo\/ -->\n<title>Champ\u00fa Exfoliante - ALLSKIN MED<\/title>\n<meta name=\"description\" content=\"Champ\u00fa exfoliante indicado para el tratamiento cosm\u00e9tico de los estados descamativos del cuero cabelludo.\" \/>\n<meta name=\"robots\" content=\"index, follow, max-snippet:-1, max-image-preview:large, max-video-preview:-1\" \/>\n<link rel=\"canonical\" href=\"https:\/\/www.allskinmed.com\/es\/hair\/champu-exfoliante\/\" \/>\n<meta property=\"og:locale\" content=\"es_ES\" \/>\n<meta property=\"og:type\" content=\"article\" \/>\n<meta property=\"og:title\" content=\"Champ\u00fa Exfoliante - ALLSKIN MED\" \/>\n<meta property=\"og:description\" content=\"Champ\u00fa exfoliante indicado para el tratamiento cosm\u00e9tico de los estados descamativos del cuero cabelludo.\" \/>\n<meta property=\"og:url\" content=\"https:\/\/www.allskinmed.com\/es\/hair\/champu-exfoliante\/\" \/>\n<meta property=\"og:site_name\" content=\"Allskin Med\" \/>\n<meta property=\"article:modified_time\" content=\"2023-06-30T08:24:25+00:00\" \/>\n<meta property=\"og:image\" content=\"https:\/\/www.allskinmed.com\/wp-content\/uploads\/2022\/10\/allskinmed-hair-exfoliating-shampoo-01.jpg\" \/>\n\t<meta property=\"og:image:width\" content=\"876\" \/>\n\t<meta property=\"og:image:height\" content=\"1313\" \/>\n\t<meta property=\"og:image:type\" content=\"image\/jpeg\" \/>\n<meta name=\"twitter:card\" content=\"summary_large_image\" \/>\n<script type=\"application\/ld+json\" class=\"yoast-schema-graph\">{\"@context\":\"https:\/\/schema.org\",\"@graph\":[{\"@type\":\"WebPage\",\"@id\":\"https:\/\/www.allskinmed.com\/es\/hair\/champu-exfoliante\/\",\"url\":\"https:\/\/www.allskinmed.com\/es\/hair\/champu-exfoliante\/\",\"name\":\"Champ\u00fa Exfoliante - ALLSKIN MED\",\"isPartOf\":{\"@id\":\"https:\/\/www.allskinmed.com\/es\/#website\"},\"primaryImageOfPage\":{\"@id\":\"https:\/\/www.allskinmed.com\/es\/hair\/champu-exfoliante\/#primaryimage\"},\"image\":{\"@id\":\"https:\/\/www.allskinmed.com\/es\/hair\/champu-exfoliante\/#primaryimage\"},\"thumbnailUrl\":\"https:\/\/www.allskinmed.com\/wp-content\/uploads\/2022\/10\/allskinmed-hair-exfoliating-shampoo-01.jpg\",\"datePublished\":\"2022-10-17T07:46:18+00:00\",\"dateModified\":\"2023-06-30T08:24:25+00:00\",\"description\":\"Champ\u00fa exfoliante indicado para el tratamiento cosm\u00e9tico de los estados descamativos del cuero cabelludo.\",\"breadcrumb\":{\"@id\":\"https:\/\/www.allskinmed.com\/es\/hair\/champu-exfoliante\/#breadcrumb\"},\"inLanguage\":\"es\",\"potentialAction\":[{\"@type\":\"ReadAction\",\"target\":[\"https:\/\/www.allskinmed.com\/es\/hair\/champu-exfoliante\/\"]}]},{\"@type\":\"ImageObject\",\"inLanguage\":\"es\",\"@id\":\"https:\/\/www.allskinmed.com\/es\/hair\/champu-exfoliante\/#primaryimage\",\"url\":\"https:\/\/www.allskinmed.com\/wp-content\/uploads\/2022\/10\/allskinmed-hair-exfoliating-shampoo-01.jpg\",\"contentUrl\":\"https:\/\/www.allskinmed.com\/wp-content\/uploads\/2022\/10\/allskinmed-hair-exfoliating-shampoo-01.jpg\",\"width\":876,\"height\":1313},{\"@type\":\"BreadcrumbList\",\"@id\":\"https:\/\/www.allskinmed.com\/es\/hair\/champu-exfoliante\/#breadcrumb\",\"itemListElement\":[{\"@type\":\"ListItem\",\"position\":1,\"name\":\"Home\",\"item\":\"https:\/\/www.allskinmed.com\/es\/\"},{\"@type\":\"ListItem\",\"position\":2,\"name\":\"Tienda\",\"item\":\"https:\/\/www.allskinmed.com\/es\/tienda\/\"},{\"@type\":\"ListItem\",\"position\":3,\"name\":\"Champ\u00fa Exfoliante\"}]},{\"@type\":\"WebSite\",\"@id\":\"https:\/\/www.allskinmed.com\/es\/#website\",\"url\":\"https:\/\/www.allskinmed.com\/es\/\",\"name\":\"Allskin Med\",\"description\":\"CantabriaLabs\",\"publisher\":{\"@id\":\"https:\/\/www.allskinmed.com\/es\/#organization\"},\"potentialAction\":[{\"@type\":\"SearchAction\",\"target\":{\"@type\":\"EntryPoint\",\"urlTemplate\":\"https:\/\/www.allskinmed.com\/es\/?s={search_term_string}\"},\"query-input\":{\"@type\":\"PropertyValueSpecification\",\"valueRequired\":true,\"valueName\":\"search_term_string\"}}],\"inLanguage\":\"es\"},{\"@type\":\"Organization\",\"@id\":\"https:\/\/www.allskinmed.com\/es\/#organization\",\"name\":\"ALLSKIN MED\",\"url\":\"https:\/\/www.allskinmed.com\/es\/\",\"logo\":{\"@type\":\"ImageObject\",\"inLanguage\":\"es\",\"@id\":\"https:\/\/www.allskinmed.com\/es\/#\/schema\/logo\/image\/\",\"url\":\"https:\/\/www.allskinmed.com\/wp-content\/uploads\/2021\/06\/Allskin-Med_Logo-gris.png\",\"contentUrl\":\"https:\/\/www.allskinmed.com\/wp-content\/uploads\/2021\/06\/Allskin-Med_Logo-gris.png\",\"width\":201,\"height\":33,\"caption\":\"ALLSKIN MED\"},\"image\":{\"@id\":\"https:\/\/www.allskinmed.com\/es\/#\/schema\/logo\/image\/\"}}]}<\/script>\n<!-- \/ Yoast SEO plugin. -->","yoast_head_json":{"title":"Champ\u00fa Exfoliante - ALLSKIN MED","description":"Champ\u00fa exfoliante indicado para el tratamiento cosm\u00e9tico de los estados descamativos del cuero cabelludo.","robots":{"index":"index","follow":"follow","max-snippet":"max-snippet:-1","max-image-preview":"max-image-preview:large","max-video-preview":"max-video-preview:-1"},"canonical":"https:\/\/www.allskinmed.com\/es\/hair\/champu-exfoliante\/","og_locale":"es_ES","og_type":"article","og_title":"Champ\u00fa Exfoliante - ALLSKIN MED","og_description":"Champ\u00fa exfoliante indicado para el tratamiento cosm\u00e9tico de los estados descamativos del cuero cabelludo.","og_url":"https:\/\/www.allskinmed.com\/es\/hair\/champu-exfoliante\/","og_site_name":"Allskin Med","article_modified_time":"2023-06-30T08:24:25+00:00","og_image":[{"width":876,"height":1313,"url":"https:\/\/www.allskinmed.com\/wp-content\/uploads\/2022\/10\/allskinmed-hair-exfoliating-shampoo-01.jpg","type":"image\/jpeg"}],"twitter_card":"summary_large_image","schema":{"@context":"https:\/\/schema.org","@graph":[{"@type":"WebPage","@id":"https:\/\/www.allskinmed.com\/es\/hair\/champu-exfoliante\/","url":"https:\/\/www.allskinmed.com\/es\/hair\/champu-exfoliante\/","name":"Champ\u00fa Exfoliante - ALLSKIN MED","isPartOf":{"@id":"https:\/\/www.allskinmed.com\/es\/#website"},"primaryImageOfPage":{"@id":"https:\/\/www.allskinmed.com\/es\/hair\/champu-exfoliante\/#primaryimage"},"image":{"@id":"https:\/\/www.allskinmed.com\/es\/hair\/champu-exfoliante\/#primaryimage"},"thumbnailUrl":"https:\/\/www.allskinmed.com\/wp-content\/uploads\/2022\/10\/allskinmed-hair-exfoliating-shampoo-01.jpg","datePublished":"2022-10-17T07:46:18+00:00","dateModified":"2023-06-30T08:24:25+00:00","description":"Champ\u00fa exfoliante indicado para el tratamiento cosm\u00e9tico de los estados descamativos del cuero cabelludo.","breadcrumb":{"@id":"https:\/\/www.allskinmed.com\/es\/hair\/champu-exfoliante\/#breadcrumb"},"inLanguage":"es","potentialAction":[{"@type":"ReadAction","target":["https:\/\/www.allskinmed.com\/es\/hair\/champu-exfoliante\/"]}]},{"@type":"ImageObject","inLanguage":"es","@id":"https:\/\/www.allskinmed.com\/es\/hair\/champu-exfoliante\/#primaryimage","url":"https:\/\/www.allskinmed.com\/wp-content\/uploads\/2022\/10\/allskinmed-hair-exfoliating-shampoo-01.jpg","contentUrl":"https:\/\/www.allskinmed.com\/wp-content\/uploads\/2022\/10\/allskinmed-hair-exfoliating-shampoo-01.jpg","width":876,"height":1313},{"@type":"BreadcrumbList","@id":"https:\/\/www.allskinmed.com\/es\/hair\/champu-exfoliante\/#breadcrumb","itemListElement":[{"@type":"ListItem","position":1,"name":"Home","item":"https:\/\/www.allskinmed.com\/es\/"},{"@type":"ListItem","position":2,"name":"Tienda","item":"https:\/\/www.allskinmed.com\/es\/tienda\/"},{"@type":"ListItem","position":3,"name":"Champ\u00fa Exfoliante"}]},{"@type":"WebSite","@id":"https:\/\/www.allskinmed.com\/es\/#website","url":"https:\/\/www.allskinmed.com\/es\/","name":"Allskin Med","description":"CantabriaLabs","publisher":{"@id":"https:\/\/www.allskinmed.com\/es\/#organization"},"potentialAction":[{"@type":"SearchAction","target":{"@type":"EntryPoint","urlTemplate":"https:\/\/www.allskinmed.com\/es\/?s={search_term_string}"},"query-input":{"@type":"PropertyValueSpecification","valueRequired":true,"valueName":"search_term_string"}}],"inLanguage":"es"},{"@type":"Organization","@id":"https:\/\/www.allskinmed.com\/es\/#organization","name":"ALLSKIN MED","url":"https:\/\/www.allskinmed.com\/es\/","logo":{"@type":"ImageObject","inLanguage":"es","@id":"https:\/\/www.allskinmed.com\/es\/#\/schema\/logo\/image\/","url":"https:\/\/www.allskinmed.com\/wp-content\/uploads\/2021\/06\/Allskin-Med_Logo-gris.png","contentUrl":"https:\/\/www.allskinmed.com\/wp-content\/uploads\/2021\/06\/Allskin-Med_Logo-gris.png","width":201,"height":33,"caption":"ALLSKIN MED"},"image":{"@id":"https:\/\/www.allskinmed.com\/es\/#\/schema\/logo\/image\/"}}]}},"_links":{"self":[{"href":"https:\/\/www.allskinmed.com\/es\/wp-json\/wp\/v2\/product\/13400","targetHints":{"allow":["GET"]}}],"collection":[{"href":"https:\/\/www.allskinmed.com\/es\/wp-json\/wp\/v2\/product"}],"about":[{"href":"https:\/\/www.allskinmed.com\/es\/wp-json\/wp\/v2\/types\/product"}],"wp:featuredmedia":[{"embeddable":true,"href":"https:\/\/www.allskinmed.com\/es\/wp-json\/wp\/v2\/media\/13675"}],"wp:attachment":[{"href":"https:\/\/www.allskinmed.com\/es\/wp-json\/wp\/v2\/media?parent=13400"}],"wp:term":[{"taxonomy":"product_brand","embeddable":true,"href":"https:\/\/www.allskinmed.com\/es\/wp-json\/wp\/v2\/product_brand?post=13400"},{"taxonomy":"product_cat","embeddable":true,"href":"https:\/\/www.allskinmed.com\/es\/wp-json\/wp\/v2\/product_cat?post=13400"},{"taxonomy":"product_tag","embeddable":true,"href":"https:\/\/www.allskinmed.com\/es\/wp-json\/wp\/v2\/product_tag?post=13400"}],"curies":[{"name":"wp","href":"https:\/\/api.w.org\/{rel}","templated":true}]}}