{"id":36056,"date":"2026-04-21T10:26:48","date_gmt":"2026-04-21T10:26:48","guid":{"rendered":"https:\/\/www.allskinmed.com\/?post_type=product&#038;p=36056"},"modified":"2026-04-21T10:26:48","modified_gmt":"2026-04-21T10:26:48","slug":"glow-unify","status":"publish","type":"product","link":"https:\/\/www.allskinmed.com\/es\/pigmentation\/glow-unify\/","title":{"rendered":"Glow Unify"},"content":{"rendered":"<p>Crema ligera con \u00e1cido tranex\u00e1mico, niacinamida y bakuchiol, que ayuda a corregir las manchas existentes y a prevenir la aparici\u00f3n de nuevas al mismo tiempo que hidrata la piel. Adem\u00e1s, su acabado perlado proporciona luminosidad a la piel, mejorando visiblemente su aspecto.<\/p>\n<p>Testado dermatol\u00f3gicamente y oftalmol\u00f3gicamente.<br \/>\nNo comedog\u00e9nico.<\/p>\n","protected":false},"excerpt":{"rendered":"<p>Crema ligera formulada con \u00e1cido tranex\u00e1mico, niacinamida y bakuchiol, que unifica el tono y aporta luminosidad a la piel.<\/p>\n","protected":false},"featured_media":36057,"template":"","meta":{"_acf_changed":false,"site-sidebar-layout":"default","site-content-layout":"","ast-site-content-layout":"default","site-content-style":"default","site-sidebar-style":"default","ast-global-header-display":"","ast-banner-title-visibility":"","ast-main-header-display":"","ast-hfb-above-header-display":"","ast-hfb-below-header-display":"","ast-hfb-mobile-header-display":"","site-post-title":"","ast-breadcrumbs-content":"","ast-featured-img":"","footer-sml-layout":"","theme-transparent-header-meta":"default","adv-header-id-meta":"","stick-header-meta":"default","header-above-stick-meta":"","header-main-stick-meta":"","header-below-stick-meta":"","astra-migrate-meta-layouts":"set","ast-page-background-enabled":"default","ast-page-background-meta":{"desktop":{"background-color":"","background-image":"","background-repeat":"repeat","background-position":"center center","background-size":"auto","background-attachment":"scroll","background-type":"","background-media":"","overlay-type":"","overlay-color":"","overlay-opacity":"","overlay-gradient":""},"tablet":{"background-color":"","background-image":"","background-repeat":"repeat","background-position":"center center","background-size":"auto","background-attachment":"scroll","background-type":"","background-media":"","overlay-type":"","overlay-color":"","overlay-opacity":"","overlay-gradient":""},"mobile":{"background-color":"","background-image":"","background-repeat":"repeat","background-position":"center center","background-size":"auto","background-attachment":"scroll","background-type":"","background-media":"","overlay-type":"","overlay-color":"","overlay-opacity":"","overlay-gradient":""}},"ast-content-background-meta":{"desktop":{"background-color":"var(--ast-global-color-5)","background-image":"","background-repeat":"repeat","background-position":"center center","background-size":"auto","background-attachment":"scroll","background-type":"","background-media":"","overlay-type":"","overlay-color":"","overlay-opacity":"","overlay-gradient":""},"tablet":{"background-color":"var(--ast-global-color-5)","background-image":"","background-repeat":"repeat","background-position":"center center","background-size":"auto","background-attachment":"scroll","background-type":"","background-media":"","overlay-type":"","overlay-color":"","overlay-opacity":"","overlay-gradient":""},"mobile":{"background-color":"var(--ast-global-color-5)","background-image":"","background-repeat":"repeat","background-position":"center center","background-size":"auto","background-attachment":"scroll","background-type":"","background-media":"","overlay-type":"","overlay-color":"","overlay-opacity":"","overlay-gradient":""}}},"product_brand":[],"product_cat":[89],"product_tag":[404,401,399,402,403],"class_list":{"0":"post-36056","1":"product","2":"type-product","3":"status-publish","4":"has-post-thumbnail","6":"taxonomy-despigmentante","7":"taxonomy-iluminador","8":"taxonomy-unificador-tono","9":"product_cat-pigmentation","10":"product_tag-aporta-luminosidad-a-la-piel","11":"product_tag-corrige-las-manchas-existentes","12":"product_tag-hidrata-la-piel","13":"product_tag-previene-la-aparicion-de-nuevas-manchas","14":"product_tag-unifica-el-tono-de-la-piel","15":"align-left","16":"box-shadow-0","17":"box-shadow-0-hover","18":"ast-product-gallery-layout-vertical","19":"ast-product-tabs-layout-horizontal","21":"first","22":"instock","23":"shipping-taxable","24":"product-type-simple"},"acf":[],"yoast_head":"<!-- This site is optimized with the Yoast SEO plugin v26.0 - https:\/\/yoast.com\/wordpress\/plugins\/seo\/ -->\n<title>Glow Unify - Allskin Med<\/title>\n<meta name=\"robots\" content=\"index, follow, max-snippet:-1, max-image-preview:large, max-video-preview:-1\" \/>\n<link rel=\"canonical\" href=\"https:\/\/www.allskinmed.com\/es\/pigmentation\/glow-unify\/\" \/>\n<meta property=\"og:locale\" content=\"es_ES\" \/>\n<meta property=\"og:type\" content=\"article\" \/>\n<meta property=\"og:title\" content=\"Glow Unify - Allskin Med\" \/>\n<meta property=\"og:description\" content=\"Crema ligera formulada con \u00e1cido tranex\u00e1mico, niacinamida y bakuchiol, que unifica el tono y aporta luminosidad a la piel.\" \/>\n<meta property=\"og:url\" content=\"https:\/\/www.allskinmed.com\/es\/pigmentation\/glow-unify\/\" \/>\n<meta property=\"og:site_name\" content=\"Allskin Med\" \/>\n<meta property=\"og:image\" content=\"https:\/\/www.allskinmed.com\/wp-content\/uploads\/2026\/04\/allskinmed_glow-unify_packshot_front_2025-scaled.jpg\" \/>\n\t<meta property=\"og:image:width\" content=\"1707\" \/>\n\t<meta property=\"og:image:height\" content=\"2560\" \/>\n\t<meta property=\"og:image:type\" content=\"image\/jpeg\" \/>\n<meta name=\"twitter:card\" content=\"summary_large_image\" \/>\n<script type=\"application\/ld+json\" class=\"yoast-schema-graph\">{\"@context\":\"https:\/\/schema.org\",\"@graph\":[{\"@type\":\"WebPage\",\"@id\":\"https:\/\/www.allskinmed.com\/es\/pigmentation\/glow-unify\/\",\"url\":\"https:\/\/www.allskinmed.com\/es\/pigmentation\/glow-unify\/\",\"name\":\"Glow Unify - Allskin Med\",\"isPartOf\":{\"@id\":\"https:\/\/www.allskinmed.com\/es\/#website\"},\"primaryImageOfPage\":{\"@id\":\"https:\/\/www.allskinmed.com\/es\/pigmentation\/glow-unify\/#primaryimage\"},\"image\":{\"@id\":\"https:\/\/www.allskinmed.com\/es\/pigmentation\/glow-unify\/#primaryimage\"},\"thumbnailUrl\":\"https:\/\/www.allskinmed.com\/wp-content\/uploads\/2026\/04\/allskinmed_glow-unify_packshot_front_2025-scaled.jpg\",\"datePublished\":\"2026-04-21T10:26:48+00:00\",\"breadcrumb\":{\"@id\":\"https:\/\/www.allskinmed.com\/es\/pigmentation\/glow-unify\/#breadcrumb\"},\"inLanguage\":\"es\",\"potentialAction\":[{\"@type\":\"ReadAction\",\"target\":[\"https:\/\/www.allskinmed.com\/es\/pigmentation\/glow-unify\/\"]}]},{\"@type\":\"ImageObject\",\"inLanguage\":\"es\",\"@id\":\"https:\/\/www.allskinmed.com\/es\/pigmentation\/glow-unify\/#primaryimage\",\"url\":\"https:\/\/www.allskinmed.com\/wp-content\/uploads\/2026\/04\/allskinmed_glow-unify_packshot_front_2025-scaled.jpg\",\"contentUrl\":\"https:\/\/www.allskinmed.com\/wp-content\/uploads\/2026\/04\/allskinmed_glow-unify_packshot_front_2025-scaled.jpg\",\"width\":1707,\"height\":2560},{\"@type\":\"BreadcrumbList\",\"@id\":\"https:\/\/www.allskinmed.com\/es\/pigmentation\/glow-unify\/#breadcrumb\",\"itemListElement\":[{\"@type\":\"ListItem\",\"position\":1,\"name\":\"Home\",\"item\":\"https:\/\/www.allskinmed.com\/es\/\"},{\"@type\":\"ListItem\",\"position\":2,\"name\":\"Tienda\",\"item\":\"https:\/\/www.allskinmed.com\/es\/tienda\/\"},{\"@type\":\"ListItem\",\"position\":3,\"name\":\"Glow Unify\"}]},{\"@type\":\"WebSite\",\"@id\":\"https:\/\/www.allskinmed.com\/es\/#website\",\"url\":\"https:\/\/www.allskinmed.com\/es\/\",\"name\":\"Allskin Med\",\"description\":\"CantabriaLabs\",\"publisher\":{\"@id\":\"https:\/\/www.allskinmed.com\/es\/#organization\"},\"potentialAction\":[{\"@type\":\"SearchAction\",\"target\":{\"@type\":\"EntryPoint\",\"urlTemplate\":\"https:\/\/www.allskinmed.com\/es\/?s={search_term_string}\"},\"query-input\":{\"@type\":\"PropertyValueSpecification\",\"valueRequired\":true,\"valueName\":\"search_term_string\"}}],\"inLanguage\":\"es\"},{\"@type\":\"Organization\",\"@id\":\"https:\/\/www.allskinmed.com\/es\/#organization\",\"name\":\"ALLSKIN MED\",\"url\":\"https:\/\/www.allskinmed.com\/es\/\",\"logo\":{\"@type\":\"ImageObject\",\"inLanguage\":\"es\",\"@id\":\"https:\/\/www.allskinmed.com\/es\/#\/schema\/logo\/image\/\",\"url\":\"https:\/\/www.allskinmed.com\/wp-content\/uploads\/2021\/06\/Allskin-Med_Logo-gris.png\",\"contentUrl\":\"https:\/\/www.allskinmed.com\/wp-content\/uploads\/2021\/06\/Allskin-Med_Logo-gris.png\",\"width\":201,\"height\":33,\"caption\":\"ALLSKIN MED\"},\"image\":{\"@id\":\"https:\/\/www.allskinmed.com\/es\/#\/schema\/logo\/image\/\"}}]}<\/script>\n<!-- \/ Yoast SEO plugin. -->","yoast_head_json":{"title":"Glow Unify - Allskin Med","robots":{"index":"index","follow":"follow","max-snippet":"max-snippet:-1","max-image-preview":"max-image-preview:large","max-video-preview":"max-video-preview:-1"},"canonical":"https:\/\/www.allskinmed.com\/es\/pigmentation\/glow-unify\/","og_locale":"es_ES","og_type":"article","og_title":"Glow Unify - Allskin Med","og_description":"Crema ligera formulada con \u00e1cido tranex\u00e1mico, niacinamida y bakuchiol, que unifica el tono y aporta luminosidad a la piel.","og_url":"https:\/\/www.allskinmed.com\/es\/pigmentation\/glow-unify\/","og_site_name":"Allskin Med","og_image":[{"width":1707,"height":2560,"url":"https:\/\/www.allskinmed.com\/wp-content\/uploads\/2026\/04\/allskinmed_glow-unify_packshot_front_2025-scaled.jpg","type":"image\/jpeg"}],"twitter_card":"summary_large_image","schema":{"@context":"https:\/\/schema.org","@graph":[{"@type":"WebPage","@id":"https:\/\/www.allskinmed.com\/es\/pigmentation\/glow-unify\/","url":"https:\/\/www.allskinmed.com\/es\/pigmentation\/glow-unify\/","name":"Glow Unify - Allskin Med","isPartOf":{"@id":"https:\/\/www.allskinmed.com\/es\/#website"},"primaryImageOfPage":{"@id":"https:\/\/www.allskinmed.com\/es\/pigmentation\/glow-unify\/#primaryimage"},"image":{"@id":"https:\/\/www.allskinmed.com\/es\/pigmentation\/glow-unify\/#primaryimage"},"thumbnailUrl":"https:\/\/www.allskinmed.com\/wp-content\/uploads\/2026\/04\/allskinmed_glow-unify_packshot_front_2025-scaled.jpg","datePublished":"2026-04-21T10:26:48+00:00","breadcrumb":{"@id":"https:\/\/www.allskinmed.com\/es\/pigmentation\/glow-unify\/#breadcrumb"},"inLanguage":"es","potentialAction":[{"@type":"ReadAction","target":["https:\/\/www.allskinmed.com\/es\/pigmentation\/glow-unify\/"]}]},{"@type":"ImageObject","inLanguage":"es","@id":"https:\/\/www.allskinmed.com\/es\/pigmentation\/glow-unify\/#primaryimage","url":"https:\/\/www.allskinmed.com\/wp-content\/uploads\/2026\/04\/allskinmed_glow-unify_packshot_front_2025-scaled.jpg","contentUrl":"https:\/\/www.allskinmed.com\/wp-content\/uploads\/2026\/04\/allskinmed_glow-unify_packshot_front_2025-scaled.jpg","width":1707,"height":2560},{"@type":"BreadcrumbList","@id":"https:\/\/www.allskinmed.com\/es\/pigmentation\/glow-unify\/#breadcrumb","itemListElement":[{"@type":"ListItem","position":1,"name":"Home","item":"https:\/\/www.allskinmed.com\/es\/"},{"@type":"ListItem","position":2,"name":"Tienda","item":"https:\/\/www.allskinmed.com\/es\/tienda\/"},{"@type":"ListItem","position":3,"name":"Glow Unify"}]},{"@type":"WebSite","@id":"https:\/\/www.allskinmed.com\/es\/#website","url":"https:\/\/www.allskinmed.com\/es\/","name":"Allskin Med","description":"CantabriaLabs","publisher":{"@id":"https:\/\/www.allskinmed.com\/es\/#organization"},"potentialAction":[{"@type":"SearchAction","target":{"@type":"EntryPoint","urlTemplate":"https:\/\/www.allskinmed.com\/es\/?s={search_term_string}"},"query-input":{"@type":"PropertyValueSpecification","valueRequired":true,"valueName":"search_term_string"}}],"inLanguage":"es"},{"@type":"Organization","@id":"https:\/\/www.allskinmed.com\/es\/#organization","name":"ALLSKIN MED","url":"https:\/\/www.allskinmed.com\/es\/","logo":{"@type":"ImageObject","inLanguage":"es","@id":"https:\/\/www.allskinmed.com\/es\/#\/schema\/logo\/image\/","url":"https:\/\/www.allskinmed.com\/wp-content\/uploads\/2021\/06\/Allskin-Med_Logo-gris.png","contentUrl":"https:\/\/www.allskinmed.com\/wp-content\/uploads\/2021\/06\/Allskin-Med_Logo-gris.png","width":201,"height":33,"caption":"ALLSKIN MED"},"image":{"@id":"https:\/\/www.allskinmed.com\/es\/#\/schema\/logo\/image\/"}}]}},"_links":{"self":[{"href":"https:\/\/www.allskinmed.com\/es\/wp-json\/wp\/v2\/product\/36056","targetHints":{"allow":["GET"]}}],"collection":[{"href":"https:\/\/www.allskinmed.com\/es\/wp-json\/wp\/v2\/product"}],"about":[{"href":"https:\/\/www.allskinmed.com\/es\/wp-json\/wp\/v2\/types\/product"}],"wp:featuredmedia":[{"embeddable":true,"href":"https:\/\/www.allskinmed.com\/es\/wp-json\/wp\/v2\/media\/36057"}],"wp:attachment":[{"href":"https:\/\/www.allskinmed.com\/es\/wp-json\/wp\/v2\/media?parent=36056"}],"wp:term":[{"taxonomy":"product_brand","embeddable":true,"href":"https:\/\/www.allskinmed.com\/es\/wp-json\/wp\/v2\/product_brand?post=36056"},{"taxonomy":"product_cat","embeddable":true,"href":"https:\/\/www.allskinmed.com\/es\/wp-json\/wp\/v2\/product_cat?post=36056"},{"taxonomy":"product_tag","embeddable":true,"href":"https:\/\/www.allskinmed.com\/es\/wp-json\/wp\/v2\/product_tag?post=36056"}],"curies":[{"name":"wp","href":"https:\/\/api.w.org\/{rel}","templated":true}]}}